{"id":1661,"date":"2023-10-10T15:45:26","date_gmt":"2023-10-10T13:45:26","guid":{"rendered":"https:\/\/flmtech.it\/privacy-2\/"},"modified":"2025-04-12T21:17:16","modified_gmt":"2025-04-12T19:17:16","slug":"privacy","status":"publish","type":"page","link":"https:\/\/flmtech.it\/it\/privacy\/","title":{"rendered":"Privacy"},"content":{"rendered":"<div id='av_section_1'  class='avia-section av-er5wp-c004261204aa405f45537221b56ce93d main_color avia-section-default avia-no-border-styling  avia-builder-el-0  avia-builder-el-no-sibling  avia-bg-style-scroll container_wrap fullsize'  ><div class='container av-section-cont-open' ><main  role=\"main\" itemprop=\"mainContentOfPage\"  class='template-page content  av-content-full alpha units'><div class='post-entry post-entry-type-page post-entry-1661'><div class='entry-content-wrapper clearfix'>\n<div  class='flex_column av-9ja0p-559c3a098f5b392ea1bb0a1c07600d81 av_one_full  avia-builder-el-1  avia-builder-el-no-sibling  first flex_column_div  '     ><section  class='av_textblock_section av-lnkdkkjm-8ac9a2d75b914822b713806b214fca02 '   itemscope=\"itemscope\" itemtype=\"https:\/\/schema.org\/CreativeWork\" ><div class='avia_textblock'  itemprop=\"text\" ><p class=\"title_pmachine\">PRIVACY POLICY \u2013 F.L.M-Tech<\/p>\n<\/div><\/section><br \/>\n<section  class='av_textblock_section av-lnkdpwlj-4c492e93a14ffb372809917b7209be30 '   itemscope=\"itemscope\" itemtype=\"https:\/\/schema.org\/CreativeWork\" ><div class='avia_textblock'  itemprop=\"text\" ><p>F.L.M-TECH S.r.l.<br \/>\nVia Alberto Burri, 16, 50028<br \/>\nTavarnelle Val di Pesa (FI)<br \/>\nP.Iva\/Cod.Fisc. 03980770543<br \/>\n<a href=\"mailto:info@flmtech.it\"> info@flmtech.it <\/a> \u00e8 il Titolare del trattamento dei dati personali raccolti su questo sito ai sensi e per gli effetti del Regolamento UE 679\/2016 (GDPR) .<\/p>\n<p>CATEGORIE E NATURA DEI DATI TRATTATI<br \/>\nF.L.M-TECH S.r.l. tratter\u00e0 i dati personali degli utenti raccolti durante la navigazione e l&#8217;utilizzo del Sito, nonch\u00e9 in occasione dell&#8217;invio di dati tramite i form, attraverso strumenti elettronici ed automatizzati (vedi anche la successiva sezione \u201cCookie\u201d).<\/p>\n<p>SCOPO<br \/>\nI dati personali potranno essere trattati per le seguenti finalit\u00e0:<br \/>\na) esecuzione di adempimenti strettamente connessi e strumentali all&#8217;utilizzo del Sito, registrazione ed accesso alle aree riservate dello stesso;<br \/>\nb) rispondere a specifiche richieste;<br \/>\nc) adempiere ad obblighi di legge;<br \/>\nd) esecuzione di attivit\u00e0 statistiche e misurazione del livello di soddisfazione della clientela, nonch\u00e9 invio di comunicazioni promozionali e di newsletter (via posta e telefono, posta elettronica e sms, anche tramite strumenti automatizzati) ai contatti rilasciati all&#8217;atto della compilazione del modulo di registrazione on-line ;<br \/>\ne) trattamento di informazioni relative all&#8217;utilizzo del Sito (quali frequenza d&#8217;uso, modalit\u00e0, abitudini, interessi, statistiche, ecc.) attraverso l&#8217;utilizzo di cookie (si veda la successiva sezione \u201cCookie Policy di F.L.M-TECH s.r.l.\u201d);<\/p>\n<p>NATURA OBBLIGATORIA O FACOLTATIVA DEL CONFERIMENTO DEI DATI E CONSEGUENZE DI UN EVENTUALE RIFIUTO<br \/>\nRelativamente alle finalit\u00e0 di cui ai precedenti punti a), b) e c), il conferimento dei Suoi dati personali a F.L.M-TECH S.r.l. \u00e8 obbligatorio, ed il relativo trattamento non richiede il tuo consenso. Il conferimento dei dati relativi ai campi contrassegnati come non obbligatori nel modulo di registrazione \u00e8 facoltativo.<br \/>\nIl conferimento dei dati per le finalit\u00e0 di cui ai punti d) ed e) \u00e8 facoltativo, e l&#8217;eventuale rifiuto non avr\u00e0 alcuna conseguenza.<\/p>\n<p>Gli utenti sono liberi di disiscriversi dal servizio newsletter in qualsiasi momento cliccando sul link \u201ccancellami\u201d presente in ciascuna email promozionale.<\/p>\n<p>MODALIT\u00c0 DI TRATTAMENTO<br \/>\nI dati personali sono trattati con strumenti automatizzati, con logiche strettamente correlate alle finalit\u00e0 stesse, per il tempo strettamente necessario a conseguire gli scopi per cui sono stati raccolti o per adempiere ad eventuali obblighi di legge. Specifiche misure di sicurezza sono osservate per prevenire la perdita dei dati, usi illeciti o non corretti ed accessi non autorizzati. Le informazioni raccolte vengono registrate in un ambiente sicuro.<\/p>\n<p>AMBITO DI COMUNICAZIONE DEI DATI<br \/>\nI dati personali non saranno diffusi e potranno essere comunicati, in Italia o in altri Paesi dell&#8217;Unione Europea, nell&#8217;ambito delle finalit\u00e0 sopra indicate, a soggetti terzi che agiscono per conto o in nome di F.L.M-TECH S.r.l., quali i soggetti incaricati che curano la consegna dei prodotti, istituti di credito, nostri consulenti legali e fiscali, outsourcer, ecc.<br \/>\nPer le finalit\u00e0 sopra indicate, i dati potranno venire a conoscenza di personale incaricato da F.L.M-TECH S.r.l. o dai suoi responsabili del trattamento.<br \/>\nIl titolare del trattamento dei dati per F.L.M-TECH S.r.l. \u00e8 da identificarsi nella figura dell&#8217;amministratore. L&#8217;elenco aggiornato dei responsabili del trattamento \u00e8 disponibile presso la sede della societ\u00e0.<\/p>\n<p>DIRITTI DELL&#8217;INTERESSATO<br \/>\nLa informiamo che il Codice Privacy le conferisce l&#8217;esercizio di specifici diritti.<br \/>\nIn particolare, in ogni momento, potrai ottenere: a) la conferma dell&#8217;esistenza o meno di dati personali che ti riguardano, anche se non ancora registrati, e la loro comunicazione in forma intelligibile; b) l&#8217;indicazione dell&#8217;origine dei dati personali, delle finalit\u00e0 e delle modalit\u00e0 del trattamento nonch\u00e9 della logica applicata in caso di trattamento effettuato con l&#8217;ausilio di strumenti elettronici; c) l&#8217;indicazione degli estremi identificativi del titolare e dei responsabili, nonch\u00e9 dei soggetti o delle categorie di soggetti ai quali i dati personali possono essere comunicati o che possono venirne a conoscenza; d) l&#8217;aggiornamento, la rettifica, l&#8217;integrazione dei dati, nonch\u00e9 la cancellazione, la trasformazione in forma anonima o il blocco dei dati trattati in violazione di legge, compresi quelli di cui non \u00e8 necessaria la conservazione in relazione agli scopi per i quali i dati sono stati raccolti o successivamente elaborato; e) l&#8217;attestazione che le operazioni di cui alla lettera d) sono state portate a conoscenza, anche per quanto riguarda il loro contenuto, di coloro ai quali i dati sono stati comunicati, eccettuato il caso in cui tale adempimento si rivela impossibile o comporta un utilizzo di mezzi manifestamente sproporzionati rispetto al diritto tutelato. L&#8217;interessato, ai sensi dell&#8217;art. 7 del Codice Privacy, hai inoltre diritto di opporti, per motivi legittimi, al trattamento dei dati personali, ancorch\u00e9 pertinenti allo scopo della raccolta, nonch\u00e9 al trattamento dei dati personali ai fini dell&#8217;invio di materiale promozionale. comunicazioni o per altre finalit\u00e0 per le quali ha prestato il consenso.<\/p>\n<p>F.L.M-TECH S.r.l.<br \/>\nVia Alberto Burri, 16, 50028<br \/>\nTavarnelle Val di Pesa (FI)<br \/>\nP.Iva\/Cod.Fisc. 03980770543<\/p>\n<p>UTILIZZO DEI COOKIE<\/p>\n<p>I cookie sono righe di testo che fungono da marchio informatico rs inviati da un server (in questo caso, quello di questo sito) al dispositivo di un utente (generalmente al browser Internet) quando l&#8217;utente accede ad una determinata pagina di un sito web; i cookie vengono memorizzati automaticamente dal browser dell&#8217;utente e ritrasmessi al server che li ha generati ogni volta che l&#8217;utente accede alla stessa pagina Internet. In questo modo, ad esempio, i cookie permettono e\/o facilitano l&#8217;accesso ad alcune pagine Internet per migliorare la navigazione dell&#8217;utente, oppure permettono di memorizzare le pagine visitate ed altre informazioni specifiche, come le pagine consultate pi\u00f9 frequentemente, errori di connessione, ecc. Pertanto, per una pi\u00f9 agevole e completa fruizione del presente sito, sarebbe opportuno che l&#8217;utente configurasse il proprio browser in modo da accettare la ricezione di tali cookie.<\/p>\n<p>Spesso i browser sono impostati per accettare automaticamente i cookie. Tuttavia, gli utenti possono modificare la configurazione predefinita, in modo da disabilitare o cancellare i cookie (di volta in volta o una volta per tutte), con la conseguenza, per\u00f2, che la fruizione ottimale di alcune aree del sito potrebbe essere preclusa. \u00c8 inoltre possibile verificare le modalit\u00e0 e le tipologie di cookie memorizzati sul proprio browser, modificando le impostazioni dei cookie del proprio browser.<\/p>\n<p>COOKIE POLICY F.L.M-TECH S.r.l.<\/p>\n<p>F.L.M-TECH S.r.l. utilizza i cookie per fornire servizi che migliorino l&#8217;esperienza di navigazione degli utenti.<\/p>\n<p>Come utilizziamo i cookie:<br \/>\n\u2022 Utilizziamo cookie di navigazione anonimi, necessari per consentire agli utenti di navigare correttamente su F.L.M-TECH S.r.l., utilizzare tutte le funzionalit\u00e0 ed accedere ad aree sicure.<br \/>\n\u2022 Utilizziamo cookie analitici per comprendere meglio come i nostri utenti utilizzano il sito web, per ottimizzare e migliorare il sito, rendendolo sempre interessante e rilevante per gli utenti.<br \/>\nQueste informazioni sono anonime e utilizzate solo per scopi statistici.<\/p>\n<p>Come modificare o disattivare le preferenze sui cookie<br \/>\n\u2022 Dalle impostazioni del tuo browser (Internet Explorer, Safari, Firefox, Chrome ecc..) puoi stabilire quali cookie desideri ricevere e quali no. Per sapere dove puoi trovare queste impostazioni, utilizza il pulsante \u201cAiuto\u201d del tuo browser.<\/p>\n<\/div><\/section><\/p><\/div>\n","protected":false},"excerpt":{"rendered":"","protected":false},"author":1,"featured_media":0,"parent":0,"menu_order":0,"comment_status":"closed","ping_status":"closed","template":"","meta":{"footnotes":""},"class_list":["post-1661","page","type-page","status-publish","hentry"],"yoast_head":"<!-- This site is optimized with the Yoast SEO plugin v27.6 - https:\/\/yoast.com\/product\/yoast-seo-wordpress\/ -->\n<title>Privacy - Machine tools \u00bb F.L.M-TECH<\/title>\n<meta name=\"robots\" content=\"index, follow, max-snippet:-1, max-image-preview:large, max-video-preview:-1\" \/>\n<link rel=\"canonical\" href=\"https:\/\/flmtech.it\/it\/privacy\/\" \/>\n<meta property=\"og:locale\" content=\"it_IT\" \/>\n<meta property=\"og:type\" content=\"article\" \/>\n<meta property=\"og:title\" content=\"Privacy - Machine tools \u00bb F.L.M-TECH\" \/>\n<meta property=\"og:url\" content=\"https:\/\/flmtech.it\/it\/privacy\/\" \/>\n<meta property=\"og:site_name\" content=\"Machine tools \u00bb F.L.M-TECH\" \/>\n<meta property=\"article:modified_time\" content=\"2025-04-12T19:17:16+00:00\" \/>\n<meta property=\"og:image\" content=\"https:\/\/flmtech.it\/wp-content\/uploads\/2025\/04\/flm_logo.png\" \/>\n\t<meta property=\"og:image:width\" content=\"428\" \/>\n\t<meta property=\"og:image:height\" content=\"205\" \/>\n\t<meta property=\"og:image:type\" content=\"image\/png\" \/>\n<meta name=\"twitter:card\" content=\"summary_large_image\" \/>\n<meta name=\"twitter:label1\" content=\"Tempo di lettura stimato\" \/>\n\t<meta name=\"twitter:data1\" content=\"5 minuti\" \/>\n<script type=\"application\/ld+json\" class=\"yoast-schema-graph\">{\"@context\":\"https:\\\/\\\/schema.org\",\"@graph\":[{\"@type\":\"WebPage\",\"@id\":\"https:\\\/\\\/flmtech.it\\\/it\\\/privacy\\\/\",\"url\":\"https:\\\/\\\/flmtech.it\\\/it\\\/privacy\\\/\",\"name\":\"Privacy - Machine tools \u00bb F.L.M-TECH\",\"isPartOf\":{\"@id\":\"https:\\\/\\\/flmtech.it\\\/#website\"},\"datePublished\":\"2023-10-10T13:45:26+00:00\",\"dateModified\":\"2025-04-12T19:17:16+00:00\",\"breadcrumb\":{\"@id\":\"https:\\\/\\\/flmtech.it\\\/it\\\/privacy\\\/#breadcrumb\"},\"inLanguage\":\"it-IT\",\"potentialAction\":[{\"@type\":\"ReadAction\",\"target\":[\"https:\\\/\\\/flmtech.it\\\/it\\\/privacy\\\/\"]}]},{\"@type\":\"BreadcrumbList\",\"@id\":\"https:\\\/\\\/flmtech.it\\\/it\\\/privacy\\\/#breadcrumb\",\"itemListElement\":[{\"@type\":\"ListItem\",\"position\":1,\"name\":\"Home\",\"item\":\"https:\\\/\\\/flmtech.it\\\/it\\\/\"},{\"@type\":\"ListItem\",\"position\":2,\"name\":\"Privacy\"}]},{\"@type\":\"WebSite\",\"@id\":\"https:\\\/\\\/flmtech.it\\\/#website\",\"url\":\"https:\\\/\\\/flmtech.it\\\/\",\"name\":\"Machine tools \u00bb F.L.M-TECH\",\"description\":\"\",\"publisher\":{\"@id\":\"https:\\\/\\\/flmtech.it\\\/#organization\"},\"potentialAction\":[{\"@type\":\"SearchAction\",\"target\":{\"@type\":\"EntryPoint\",\"urlTemplate\":\"https:\\\/\\\/flmtech.it\\\/?s={search_term_string}\"},\"query-input\":{\"@type\":\"PropertyValueSpecification\",\"valueRequired\":true,\"valueName\":\"search_term_string\"}}],\"inLanguage\":\"it-IT\"},{\"@type\":\"Organization\",\"@id\":\"https:\\\/\\\/flmtech.it\\\/#organization\",\"name\":\"Machine tools \u00bb F.L.M-TECH\",\"url\":\"https:\\\/\\\/flmtech.it\\\/\",\"logo\":{\"@type\":\"ImageObject\",\"inLanguage\":\"it-IT\",\"@id\":\"https:\\\/\\\/flmtech.it\\\/#\\\/schema\\\/logo\\\/image\\\/\",\"url\":\"\",\"contentUrl\":\"\",\"caption\":\"Machine tools \u00bb F.L.M-TECH\"},\"image\":{\"@id\":\"https:\\\/\\\/flmtech.it\\\/#\\\/schema\\\/logo\\\/image\\\/\"}}]}<\/script>\n<!-- \/ Yoast SEO plugin. -->","yoast_head_json":{"title":"Privacy - Machine tools \u00bb F.L.M-TECH","robots":{"index":"index","follow":"follow","max-snippet":"max-snippet:-1","max-image-preview":"max-image-preview:large","max-video-preview":"max-video-preview:-1"},"canonical":"https:\/\/flmtech.it\/it\/privacy\/","og_locale":"it_IT","og_type":"article","og_title":"Privacy - Machine tools \u00bb F.L.M-TECH","og_url":"https:\/\/flmtech.it\/it\/privacy\/","og_site_name":"Machine tools \u00bb F.L.M-TECH","article_modified_time":"2025-04-12T19:17:16+00:00","og_image":[{"width":428,"height":205,"url":"https:\/\/flmtech.it\/wp-content\/uploads\/2025\/04\/flm_logo.png","type":"image\/png"}],"twitter_card":"summary_large_image","twitter_misc":{"Tempo di lettura stimato":"5 minuti"},"schema":{"@context":"https:\/\/schema.org","@graph":[{"@type":"WebPage","@id":"https:\/\/flmtech.it\/it\/privacy\/","url":"https:\/\/flmtech.it\/it\/privacy\/","name":"Privacy - Machine tools \u00bb F.L.M-TECH","isPartOf":{"@id":"https:\/\/flmtech.it\/#website"},"datePublished":"2023-10-10T13:45:26+00:00","dateModified":"2025-04-12T19:17:16+00:00","breadcrumb":{"@id":"https:\/\/flmtech.it\/it\/privacy\/#breadcrumb"},"inLanguage":"it-IT","potentialAction":[{"@type":"ReadAction","target":["https:\/\/flmtech.it\/it\/privacy\/"]}]},{"@type":"BreadcrumbList","@id":"https:\/\/flmtech.it\/it\/privacy\/#breadcrumb","itemListElement":[{"@type":"ListItem","position":1,"name":"Home","item":"https:\/\/flmtech.it\/it\/"},{"@type":"ListItem","position":2,"name":"Privacy"}]},{"@type":"WebSite","@id":"https:\/\/flmtech.it\/#website","url":"https:\/\/flmtech.it\/","name":"Machine tools \u00bb F.L.M-TECH","description":"","publisher":{"@id":"https:\/\/flmtech.it\/#organization"},"potentialAction":[{"@type":"SearchAction","target":{"@type":"EntryPoint","urlTemplate":"https:\/\/flmtech.it\/?s={search_term_string}"},"query-input":{"@type":"PropertyValueSpecification","valueRequired":true,"valueName":"search_term_string"}}],"inLanguage":"it-IT"},{"@type":"Organization","@id":"https:\/\/flmtech.it\/#organization","name":"Machine tools \u00bb F.L.M-TECH","url":"https:\/\/flmtech.it\/","logo":{"@type":"ImageObject","inLanguage":"it-IT","@id":"https:\/\/flmtech.it\/#\/schema\/logo\/image\/","url":"","contentUrl":"","caption":"Machine tools \u00bb F.L.M-TECH"},"image":{"@id":"https:\/\/flmtech.it\/#\/schema\/logo\/image\/"}}]}},"_links":{"self":[{"href":"https:\/\/flmtech.it\/it\/wp-json\/wp\/v2\/pages\/1661","targetHints":{"allow":["GET"]}}],"collection":[{"href":"https:\/\/flmtech.it\/it\/wp-json\/wp\/v2\/pages"}],"about":[{"href":"https:\/\/flmtech.it\/it\/wp-json\/wp\/v2\/types\/page"}],"author":[{"embeddable":true,"href":"https:\/\/flmtech.it\/it\/wp-json\/wp\/v2\/users\/1"}],"replies":[{"embeddable":true,"href":"https:\/\/flmtech.it\/it\/wp-json\/wp\/v2\/comments?post=1661"}],"version-history":[{"count":5,"href":"https:\/\/flmtech.it\/it\/wp-json\/wp\/v2\/pages\/1661\/revisions"}],"predecessor-version":[{"id":2190,"href":"https:\/\/flmtech.it\/it\/wp-json\/wp\/v2\/pages\/1661\/revisions\/2190"}],"wp:attachment":[{"href":"https:\/\/flmtech.it\/it\/wp-json\/wp\/v2\/media?parent=1661"}],"curies":[{"name":"wp","href":"https:\/\/api.w.org\/{rel}","templated":true}]}}