{"id":1616,"date":"2023-10-04T20:21:19","date_gmt":"2023-10-04T18:21:19","guid":{"rendered":"https:\/\/flmtech.it\/vf39\/"},"modified":"2025-04-16T11:43:30","modified_gmt":"2025-04-16T09:43:30","slug":"centro-di-lavoro-universale-vf39","status":"publish","type":"page","link":"https:\/\/flmtech.it\/it\/centro-di-lavoro-universale-vf39\/","title":{"rendered":"VF39"},"content":{"rendered":"<div id='headmachinevf39'  class='avia-section av-hqr5l-0422b309a884424fad313fecdbb6698c main_color avia-section-default avia-no-border-styling  avia-builder-el-0  el_before_av_section  avia-builder-el-first  avia-bg-style-scroll container_wrap fullsize'  ><div class='container av-section-cont-open' ><main  role=\"main\" itemprop=\"mainContentOfPage\"  class='template-page content  av-content-full alpha units'><div class='post-entry post-entry-type-page post-entry-1616'><div class='entry-content-wrapper clearfix'>\n\n<style type=\"text\/css\" data-created_by=\"avia_inline_auto\" id=\"style-css-av-4pswll-0ca6521d916368da0032e0f384b9e5e8\">\n#top .flex_column.av-4pswll-0ca6521d916368da0032e0f384b9e5e8{\nmargin-top:-10px;\nmargin-bottom:0px;\n}\n.responsive #top #wrap_all .flex_column.av-4pswll-0ca6521d916368da0032e0f384b9e5e8{\nmargin-top:-10px;\nmargin-bottom:0px;\n}\n<\/style>\n<div  class='flex_column av-4pswll-0ca6521d916368da0032e0f384b9e5e8 av_two_third  avia-builder-el-1  el_before_av_one_third  avia-builder-el-first  first flex_column_div  '     ><section  class='av_textblock_section av-lnc29619-12c5e482f12dfd55e849223742d81031 '   itemscope=\"itemscope\" itemtype=\"https:\/\/schema.org\/CreativeWork\" ><div class='avia_textblock'  itemprop=\"text\" ><h3>VF39<\/h3>\n<p class=\"title_machine\">\/ Centro di Lavorazione Universale<\/p>\n<\/div><\/section><\/div>\n<style type=\"text\/css\" data-created_by=\"avia_inline_auto\" id=\"style-css-av-4kgio9-bd4ac16109a6e4e0f53beff186581a27\">\n#top .flex_column.av-4kgio9-bd4ac16109a6e4e0f53beff186581a27{\nmargin-top:-10px;\nmargin-bottom:0px;\n}\n.responsive #top #wrap_all .flex_column.av-4kgio9-bd4ac16109a6e4e0f53beff186581a27{\nmargin-top:-10px;\nmargin-bottom:0px;\n}\n<\/style>\n<div  class='flex_column av-4kgio9-bd4ac16109a6e4e0f53beff186581a27 av_one_third  avia-builder-el-3  el_after_av_two_third  el_before_av_hr  flex_column_div av-hide-on-mobile  '     ><\/div>\n<style type=\"text\/css\" data-created_by=\"avia_inline_auto\" id=\"style-css-av-lnnkgiuj-6ecb101e41066f08fa3bc78896e14116\">\n#top .hr.hr-invisible.av-lnnkgiuj-6ecb101e41066f08fa3bc78896e14116{\nheight:20px;\n}\n<\/style>\n<div  class='hr av-lnnkgiuj-6ecb101e41066f08fa3bc78896e14116 hr-invisible  avia-builder-el-5  el_after_av_one_third  el_before_av_one_full '><span class='hr-inner '><span class=\"hr-inner-style\"><\/span><\/span><\/div>\n<div  class='flex_column av-47snep-6e9a402dc8db9ce8f327c0cb80e66505 av_one_full  avia-builder-el-6  el_after_av_hr  el_before_av_one_half  first flex_column_div  '     ><style type=\"text\/css\" data-created_by=\"avia_inline_auto\" id=\"style-css-av-lnnaqdt3-047c413477b3661c402ed93f1256f281\">\n.avia-image-container.av-lnnaqdt3-047c413477b3661c402ed93f1256f281 img.avia_image{\nbox-shadow:none;\n}\n.avia-image-container.av-lnnaqdt3-047c413477b3661c402ed93f1256f281 .av-image-caption-overlay-center{\ncolor:#ffffff;\n}\n<\/style>\n<div  class='avia-image-container av-lnnaqdt3-047c413477b3661c402ed93f1256f281 av-styling- avia-align-center  avia-builder-el-7  avia-builder-el-no-sibling '   itemprop=\"image\" itemscope=\"itemscope\" itemtype=\"https:\/\/schema.org\/ImageObject\" ><div class=\"avia-image-container-inner\"><div class=\"avia-image-overlay-wrap\"><img decoding=\"async\" class='wp-image-2341 avia-img-lazy-loading-not-2341 avia_image ' src=\"https:\/\/flmtech.it\/wp-content\/uploads\/2025\/04\/flm_vf39.jpg\" alt='' title='flm_vf39'  height=\"450\" width=\"1200\"  itemprop=\"thumbnailUrl\" srcset=\"https:\/\/flmtech.it\/wp-content\/uploads\/2025\/04\/flm_vf39.jpg 1200w, https:\/\/flmtech.it\/wp-content\/uploads\/2025\/04\/flm_vf39-300x113.jpg 300w, https:\/\/flmtech.it\/wp-content\/uploads\/2025\/04\/flm_vf39-1030x386.jpg 1030w, https:\/\/flmtech.it\/wp-content\/uploads\/2025\/04\/flm_vf39-768x288.jpg 768w, https:\/\/flmtech.it\/wp-content\/uploads\/2025\/04\/flm_vf39-705x264.jpg 705w\" sizes=\"(max-width: 1200px) 100vw, 1200px\" \/><\/div><\/div><\/div><\/div><div  class='flex_column av-439h6h-41b067bd83912c1f9536a6ada0c0b336 av_one_half  avia-builder-el-8  el_after_av_one_full  el_before_av_one_half  first flex_column_div  column-top-margin'     ><section  class='av_textblock_section av-3vzy21-9f1c96a5ec5482eb5a99efef21a4c80f '   itemscope=\"itemscope\" itemtype=\"https:\/\/schema.org\/CreativeWork\" ><div class='avia_textblock'  itemprop=\"text\" ><p style=\"text-align: left;\">Il centro di lavoro universale <strong>VF 39<\/strong> nasce da un\u2019idea di flessibilit\u00e0 e modularit\u00e0 per le esigenze della moda\u2026ma non solo.<br \/>\nF.L.M-Tech, leader nel settore e da anni al servizio della propria clientela con prodotti innovativi ed assistenza capillare, ha pensato alla configurazione del centro di lavoro VF39 sia per la produzione di serie ma anche per la campionatura. La macchina \u00e8 composta da un basamento strutturale sul quale viene alloggiata la tavola fissa di lavoro o in alternativa la morsa ribaltante, studiata e realizzata da F.L.M-Tech.<\/p>\n<p style=\"text-align: left;\">La morsa \u00e8 realizzata con impianto idraulico a forte serraggio, mediante 10 pistoni rotativi che facilitano l\u2019entrata del pezzo e il bloccaggio dello stesso. La tavola fissa pu\u00f2 essere anche sostituita da una tavola rotobasculante oppure da una doppia tavola rotobasculante, tutte con diametro massimo 250 mm. E\u2019 inoltre possibile dotare la tavola girevole di un piatto da 350 mm di diametro a movimento meccanico o coppia.<\/p>\n<p style=\"text-align: left;\"><strong>Morsa di grandi dimensioni,<\/strong> per garantire stabilit\u00e0 e forza di serraggio del pezzo tramite<br \/>\n&#8211; sistema idraulico, dotata di 10 pistoni (5 x lato)<\/p>\n<\/div><\/section><\/div><div  class='flex_column av-dk9pt-21a0f1fc5ff6943544a5d2319647ae8a av_one_half  avia-builder-el-10  el_after_av_one_half  avia-builder-el-last  flex_column_div  column-top-margin'     ><section  class='av_textblock_section av-3hoa0h-622642fa594ba36bfefaed48c5aff671 '   itemscope=\"itemscope\" itemtype=\"https:\/\/schema.org\/CreativeWork\" ><div class='avia_textblock'  itemprop=\"text\" ><p style=\"text-align: left;\">&#8211; apertura e chiusura programmabile da CNC<br \/>\n&#8211; movimento ribaltante della morsa -95\u00b0 + 180\u00b0 con possibilit\u00e0 di lavorazioni inclinate<br \/>\n&#8211; regolazione automatica del formato lastra in lunghezza (300-400-500-600 mm) e in larghezza (0-200 mm), spessore max 20 mm<\/p>\n<p class=\"p1\"><b>POSSIBILIT\u00c0 DI LAVORARE MATERIALI COME<span class=\"Apple-converted-space\"><br \/>\n<\/span><\/b><b>OTTONE SENZA PIOMBO E AISI 316L<\/b><\/p>\n<p class=\"title_pmachine\">Punti di forza<\/p>\n<p style=\"text-align: left;\"><span class=\"title_pmachine\">\u25fc\ufe0e<\/span>Elevata flessibilit\u00e0<br \/>\n<span class=\"title_pmachine\">\u25fc\ufe0e<\/span>Magazzino utensili con veloce cambio utensili<br \/>\n<span class=\"title_pmachine\">\u25fc\ufe0e<\/span>Facilit\u00e0 di carico<br \/>\n<span class=\"title_pmachine\">\u25fc\ufe0e<\/span>Scudo frontale a doppia parete per la protezione guide assi x y z<br \/>\n<span class=\"title_pmachine\">\u25fc\ufe0e<\/span>Porta laterale per gestione carico\/scarico delle parti da lavorare<\/p>\n<\/div><\/section><\/div><\/div><\/div><\/main><!-- close content main element --><\/div><\/div>\n<style type=\"text\/css\" data-created_by=\"avia_inline_auto\" id=\"style-css-av-3dgwxt-0504092f1cf0562f3a1f7970fec6a497\">\n.avia-section.av-3dgwxt-0504092f1cf0562f3a1f7970fec6a497{\nmargin-top:-30px;\nmargin-bottom:0px;\n}\n<\/style>\n<div id='av_section_2'  class='avia-section av-3dgwxt-0504092f1cf0562f3a1f7970fec6a497 main_color avia-section-no-padding avia-no-border-styling  avia-builder-el-12  el_after_av_section  avia-builder-el-last  avia-bg-style-scroll container_wrap fullsize'  ><div class='container av-section-cont-open' ><div class='template-page content  av-content-full alpha units'><div class='post-entry post-entry-type-page post-entry-1616'><div class='entry-content-wrapper clearfix'>\n<div  class='flex_column av-38hkx5-aaf373aa410a7f1dde42afdfb494daeb av_one_half  avia-builder-el-13  el_before_av_one_half  avia-builder-el-first  first flex_column_div  '     ><section  class='av_textblock_section av-30m1cx-3041a74da8483fe07276a69a28c5312b '   itemscope=\"itemscope\" itemtype=\"https:\/\/schema.org\/CreativeWork\" ><div class='avia_textblock'  itemprop=\"text\" ><table>\n<tbody>\n<tr>\n<td colspan=\"2\">\n<p class=\"title_pmachine\" style=\"text-align: left;\">Caratteristiche Tecniche VF 39<\/p>\n<\/td>\n<\/tr>\n<tr>\n<td colspan=\"2\">\n<p style=\"text-align: justify; text-justify: inter-word;\"><span class=\"title_pmachine\">\u25fc\ufe0e Corse<\/span><\/p>\n<\/td>\n<\/tr>\n<tr>\n<td>\n<p style=\"text-align: justify; text-justify: inter-word;\">Asse X<\/p>\n<\/td>\n<td>\n<p style=\"text-align: justify; text-justify: inter-word;\">840 mm<\/p>\n<\/td>\n<\/tr>\n<tr>\n<td>\n<p style=\"text-align: justify; text-justify: inter-word;\">Asse Y<\/p>\n<\/td>\n<td>\n<p style=\"text-align: justify; text-justify: inter-word;\">280 mm<\/p>\n<\/td>\n<\/tr>\n<tr>\n<td>\n<p style=\"text-align: justify; text-justify: inter-word;\">Asse Z mandrino<\/p>\n<\/td>\n<td>\n<p style=\"text-align: justify; text-justify: inter-word;\">350 mm<\/p>\n<\/td>\n<\/tr>\n<tr>\n<td colspan=\"2\">\n<p style=\"text-align: justify; text-justify: inter-word;\"><span class=\"title_pmachine\">\u25fc\ufe0e Dimensione pezzo lavorabile<\/span><\/p>\n<\/td>\n<\/tr>\n<tr>\n<td>\n<p style=\"text-align: justify; text-justify: inter-word;\">Asse X<\/p>\n<\/td>\n<td>\n<p style=\"text-align: justify; text-justify: inter-word;\">600 mm<\/p>\n<\/td>\n<\/tr>\n<tr>\n<td>\n<p style=\"text-align: justify; text-justify: inter-word;\">Asse Y<\/p>\n<\/td>\n<td>\n<p style=\"text-align: justify; text-justify: inter-word;\">200 mm<\/p>\n<\/td>\n<\/tr>\n<tr>\n<td>\n<p style=\"text-align: justify; text-justify: inter-word;\">Asse Z mandrino<\/p>\n<\/td>\n<td>\n<p style=\"text-align: justify; text-justify: inter-word;\">0.8 &#8211; 20 mm<\/p>\n<\/td>\n<\/tr>\n<tr>\n<td colspan=\"2\">\n<p style=\"text-align: justify; text-justify: inter-word;\"><span class=\"title_pmachine\">\u25fc\ufe0e Precisione di posizionamento e ripetibilit\u00e0<\/span><\/p>\n<\/td>\n<\/tr>\n<tr>\n<td>\n<p style=\"text-align: justify; text-justify: inter-word;\">Indice di posizionamento su tutti gli assi, con encoder<\/p>\n<\/td>\n<td>\n<p style=\"text-align: justify; text-justify: inter-word;\">0,025 mm<\/p>\n<\/td>\n<\/tr>\n<tr>\n<td>\n<p style=\"text-align: justify; text-justify: inter-word;\">Indice di ripetibilit\u00e0 su tutti gli assi, con encoder<\/p>\n<\/td>\n<td>\n<p style=\"text-align: justify; text-justify: inter-word;\">0,015 mm<\/p>\n<\/td>\n<\/tr>\n<tr>\n<td colspan=\"2\">\n<p style=\"text-align: justify; text-justify: inter-word;\"><span class=\"title_pmachine\">\u25fc\ufe0e Guide lineari e viti<\/span><\/p>\n<\/td>\n<\/tr>\n<tr>\n<td>\n<p style=\"text-align: justify; text-justify: inter-word;\">Guide lineari con pattini a 4 contatti obliqui assi<\/p>\n<\/td>\n<td>\n<p style=\"text-align: justify; text-justify: inter-word;\">X Y Z<\/p>\n<\/td>\n<\/tr>\n<tr>\n<td>\n<p style=\"text-align: justify; text-justify: inter-word;\">Avanzamenti rapidi assi X, Y, Z<\/p>\n<\/td>\n<td>\n<p style=\"text-align: justify; text-justify: inter-word;\">60 m\/min<\/p>\n<\/td>\n<\/tr>\n<tr>\n<td>\n<p style=\"text-align: justify; text-justify: inter-word;\">Avanzamento in lavoro assi X, Y, Z<\/p>\n<\/td>\n<td>\n<p style=\"text-align: justify; text-justify: inter-word;\">m\/min 30<\/p>\n<\/td>\n<\/tr>\n<tr>\n<td>\n<p style=\"text-align: justify; text-justify: inter-word;\">Accelerazione assi X, Y, Z<\/p>\n<\/td>\n<td>\n<p style=\"text-align: justify; text-justify: inter-word;\">6 m\/s2<\/p>\n<\/td>\n<\/tr>\n<tr>\n<td>\n<p style=\"text-align: justify; text-justify: inter-word;\">Viti assi X, Y: diametro x passo<\/p>\n<\/td>\n<td>\n<p style=\"text-align: justify; text-justify: inter-word;\">\u00d8 50 x 20 mm<\/p>\n<\/td>\n<\/tr>\n<tr>\n<td>\n<p style=\"text-align: justify; text-justify: inter-word;\">Viti asse Z: diametro x passo<\/p>\n<\/td>\n<td>\n<p style=\"text-align: justify; text-justify: inter-word;\">\u00d8 40 x 20 mm<\/p>\n<\/td>\n<\/tr>\n<tr>\n<td colspan=\"2\">\n<p style=\"text-align: justify; text-justify: inter-word;\"><span class=\"title_pmachine\">\u25fc\ufe0e Elettromandrino con frigo di raffreddamento e lubrificazione aria olio <\/span><\/p>\n<\/td>\n<\/tr>\n<tr>\n<td>\n<p style=\"text-align: justify; text-justify: inter-word;\">Attacco utensile<\/p>\n<\/td>\n<td>\n<p style=\"text-align: justify; text-justify: inter-word;\">HSK E40 (30I)<\/p>\n<\/td>\n<\/tr>\n<tr>\n<td>\n<p style=\"text-align: justify; text-justify: inter-word;\">Forza di bloccaggio cono<\/p>\n<\/td>\n<td>\n<p style=\"text-align: justify; text-justify: inter-word;\">6.8 \/ 9.5 kN<\/p>\n<\/td>\n<\/tr>\n<tr>\n<td>\n<p style=\"text-align: justify; text-justify: inter-word;\">Sbloccaggio utensile, tipo<\/p>\n<\/td>\n<td>\n<p style=\"text-align: justify; text-justify: inter-word;\">Pneumatic<\/p>\n<\/td>\n<\/tr>\n<tr>\n<td>\n<p style=\"text-align: justify; text-justify: inter-word;\">Potenza motore S1<\/p>\n<\/td>\n<td>\n<p style=\"text-align: justify; text-justify: inter-word;\">kW 3.6<\/p>\n<\/td>\n<\/tr>\n<tr>\n<td>\n<p style=\"text-align: justify; text-justify: inter-word;\">Motore coppia S1<\/p>\n<\/td>\n<td>\n<p style=\"text-align: justify; text-justify: inter-word;\">Nm 6<\/p>\n<\/td>\n<\/tr>\n<tr>\n<td>\n<p style=\"text-align: justify; text-justify: inter-word;\">Potenza motore S6-40%<\/p>\n<\/td>\n<td>\n<p style=\"text-align: justify; text-justify: inter-word;\">Kw 4.3<\/p>\n<\/td>\n<\/tr>\n<tr>\n<td>\n<p style=\"text-align: justify; text-justify: inter-word;\">Motore coppia S6-40%<\/p>\n<\/td>\n<td>\n<p style=\"text-align: justify; text-justify: inter-word;\">Nm 7.3<\/p>\n<\/td>\n<\/tr>\n<tr>\n<td>\n<p style=\"text-align: justify; text-justify: inter-word;\">Velocit\u00e0 rotazione mandrino (max.)<\/p>\n<\/td>\n<td>\n<p style=\"text-align: justify; text-justify: inter-word;\">rpm 30000<\/p>\n<\/td>\n<\/tr>\n<tr>\n<td>\n<p style=\"text-align: justify; text-justify: inter-word;\">Soffio aria interno al mandrino<\/p>\n<\/td>\n<td>\n<p style=\"text-align: justify; text-justify: inter-word;\">\n<\/td>\n<\/tr>\n<tr>\n<td>\n<p style=\"text-align: justify; text-justify: inter-word;\">Distanza massima naso-mandrino pezzo in morsa<\/p>\n<\/td>\n<td>\n<p style=\"text-align: justify; text-justify: inter-word;\">(-180\u00b0): 79 mm<\/p>\n<\/td>\n<\/tr>\n<\/tbody>\n<\/table>\n<\/div><\/section><\/div><div  class='flex_column av-2vxw49-6b9dbb0bf297c49a570748b4e1dae57d av_one_half  avia-builder-el-15  el_after_av_one_half  avia-builder-el-last  flex_column_div  '     ><section  class='av_textblock_section av-2ofc5d-72c7781e383fe78fcbf31bc3e9f311f9 '   itemscope=\"itemscope\" itemtype=\"https:\/\/schema.org\/CreativeWork\" ><div class='avia_textblock'  itemprop=\"text\" ><table>\n<tbody>\n<tr>\n<td colspan=\"2\">\n<p style=\"text-align: justify; text-justify: inter-word;\"><span class=\"title_pmachine\">\u25fc\ufe0e Morsa ribaltante automatica<\/span><\/p>\n<\/td>\n<\/tr>\n<tr>\n<td>\n<p style=\"text-align: justify; text-justify: inter-word;\">Rotazione<\/p>\n<\/td>\n<td>\n<p style=\"text-align: justify; text-justify: inter-word;\">0-360\u00b0<\/p>\n<\/td>\n<\/tr>\n<tr>\n<td>\n<p style=\"text-align: justify; text-justify: inter-word;\">Lunghezza barra<\/p>\n<\/td>\n<td>\n<p style=\"text-align: justify; text-justify: inter-word;\">mm 600-500-400-300<\/p>\n<\/td>\n<\/tr>\n<tr>\n<td>\n<p style=\"text-align: justify; text-justify: inter-word;\">Larghezza barra<\/p>\n<\/td>\n<td>\n<p style=\"text-align: justify; text-justify: inter-word;\">max. 200 mm<\/p>\n<\/td>\n<\/tr>\n<tr>\n<td>\n<p style=\"text-align: justify; text-justify: inter-word;\">Spessore lastra<\/p>\n<\/td>\n<td>\n<p style=\"text-align: justify; text-justify: inter-word;\">0,8 &#8211; 20 mm<\/p>\n<\/td>\n<\/tr>\n<tr>\n<td>\n<p style=\"text-align: justify; text-justify: inter-word;\">Bloccaggio lastra con cilindri idraulici a staffa rotante<\/p>\n<\/td>\n<td>\n<p style=\"text-align: justify; text-justify: inter-word;\">\n<\/td>\n<\/tr>\n<tr>\n<td colspan=\"2\">\n<p style=\"text-align: justify; text-justify: inter-word;\"><span class=\"title_pmachine\">\u25fc\ufe0e Cambio utensili 32 posizioni <\/span><\/p>\n<\/td>\n<\/tr>\n<tr>\n<td>\n<p style=\"text-align: justify; text-justify: inter-word;\">Capacit\u00e0, posizioni<\/p>\n<\/td>\n<td>\n<p style=\"text-align: justify; text-justify: inter-word;\">nr 32<\/p>\n<\/td>\n<\/tr>\n<tr>\n<td>\n<p style=\"text-align: justify; text-justify: inter-word;\">Max diametro utensile<\/p>\n<\/td>\n<td>\n<p style=\"text-align: justify; text-justify: inter-word;\">mm 50<\/p>\n<\/td>\n<\/tr>\n<tr>\n<td>\n<p style=\"text-align: justify; text-justify: inter-word;\">Max lunghezza utensile<\/p>\n<\/td>\n<td>\n<p style=\"text-align: justify; text-justify: inter-word;\">mm 150<\/p>\n<\/td>\n<\/tr>\n<tr>\n<td>\n<p style=\"text-align: justify; text-justify: inter-word;\">Max peso utensile<\/p>\n<\/td>\n<td>\n<p style=\"text-align: justify; text-justify: inter-word;\">Kg 3<\/p>\n<\/td>\n<\/tr>\n<tr>\n<td>\n<p style=\"text-align: justify; text-justify: inter-word;\">Tempo cambio utensile (utensile &#8211; utensile)<\/p>\n<\/td>\n<td>\n<p style=\"text-align: justify; text-justify: inter-word;\">sec 2.3<\/p>\n<\/td>\n<\/tr>\n<tr>\n<td>\n<p style=\"text-align: justify; text-justify: inter-word;\">Peso totale<\/p>\n<\/td>\n<td>\n<p style=\"text-align: justify; text-justify: inter-word;\">Kg 57<\/p>\n<\/td>\n<\/tr>\n<tr>\n<td>\n<p style=\"text-align: justify; text-justify: inter-word;\"><span class=\"title_pmachine\">\u25fc\ufe0e Peso totale macchina <\/span><\/p>\n<\/td>\n<td>\n<p style=\"text-align: justify; text-justify: inter-word;\">Kg 5500<\/p>\n<\/td>\n<\/tr>\n<\/tbody>\n<\/table>\n<\/div><\/section><\/div>\n<\/p>\n","protected":false},"excerpt":{"rendered":"","protected":false},"author":1,"featured_media":0,"parent":0,"menu_order":0,"comment_status":"closed","ping_status":"closed","template":"","meta":{"footnotes":""},"class_list":["post-1616","page","type-page","status-publish","hentry"],"yoast_head":"<!-- This site is optimized with the Yoast SEO plugin v27.6 - https:\/\/yoast.com\/product\/yoast-seo-wordpress\/ -->\n<title>VF 39 - Centro di Lavorazione Universale \u00bb F.L.M-Tech, macchine utensili<\/title>\n<meta name=\"description\" content=\"Il centro di lavorazione universale VF 39 \u00e8 nato da un&#039;idea di flessibilit\u00e0 e modularit\u00e0 per scopi legati alla moda... ma non solo\" \/>\n<meta name=\"robots\" content=\"index, follow, max-snippet:-1, max-image-preview:large, max-video-preview:-1\" \/>\n<link rel=\"canonical\" href=\"https:\/\/flmtech.it\/it\/centro-di-lavoro-universale-vf39\/\" \/>\n<meta property=\"og:locale\" content=\"it_IT\" \/>\n<meta property=\"og:type\" content=\"article\" \/>\n<meta property=\"og:title\" content=\"VF 39 - Centro di Lavorazione Universale \u00bb F.L.M-Tech, macchine utensili\" \/>\n<meta property=\"og:description\" content=\"Il centro di lavorazione universale VF 39 \u00e8 nato da un&#039;idea di flessibilit\u00e0 e modularit\u00e0 per scopi legati alla moda... ma non solo\" \/>\n<meta property=\"og:url\" content=\"https:\/\/flmtech.it\/it\/centro-di-lavoro-universale-vf39\/\" \/>\n<meta property=\"og:site_name\" content=\"Machine tools \u00bb F.L.M-TECH\" \/>\n<meta property=\"article:modified_time\" content=\"2025-04-16T09:43:30+00:00\" \/>\n<meta property=\"og:image\" content=\"https:\/\/flmtech.it\/wp-content\/uploads\/2023\/10\/vf39_logo.jpg\" \/>\n<meta name=\"twitter:card\" content=\"summary_large_image\" \/>\n<meta name=\"twitter:label1\" content=\"Tempo di lettura stimato\" \/>\n\t<meta name=\"twitter:data1\" content=\"3 minuti\" \/>\n<script type=\"application\/ld+json\" class=\"yoast-schema-graph\">{\"@context\":\"https:\\\/\\\/schema.org\",\"@graph\":[{\"@type\":\"WebPage\",\"@id\":\"https:\\\/\\\/flmtech.it\\\/it\\\/centro-di-lavoro-universale-vf39\\\/\",\"url\":\"https:\\\/\\\/flmtech.it\\\/it\\\/centro-di-lavoro-universale-vf39\\\/\",\"name\":\"VF 39 - Centro di Lavorazione Universale \u00bb F.L.M-Tech, macchine utensili\",\"isPartOf\":{\"@id\":\"https:\\\/\\\/flmtech.it\\\/#website\"},\"primaryImageOfPage\":{\"@id\":\"https:\\\/\\\/flmtech.it\\\/it\\\/centro-di-lavoro-universale-vf39\\\/#primaryimage\"},\"image\":{\"@id\":\"https:\\\/\\\/flmtech.it\\\/it\\\/centro-di-lavoro-universale-vf39\\\/#primaryimage\"},\"thumbnailUrl\":\"https:\\\/\\\/flmtech.it\\\/wp-content\\\/uploads\\\/2023\\\/10\\\/vf39_logo.jpg\",\"datePublished\":\"2023-10-04T18:21:19+00:00\",\"dateModified\":\"2025-04-16T09:43:30+00:00\",\"description\":\"Il centro di lavorazione universale VF 39 \u00e8 nato da un'idea di flessibilit\u00e0 e modularit\u00e0 per scopi legati alla moda... ma non solo\",\"breadcrumb\":{\"@id\":\"https:\\\/\\\/flmtech.it\\\/it\\\/centro-di-lavoro-universale-vf39\\\/#breadcrumb\"},\"inLanguage\":\"it-IT\",\"potentialAction\":[{\"@type\":\"ReadAction\",\"target\":[\"https:\\\/\\\/flmtech.it\\\/it\\\/centro-di-lavoro-universale-vf39\\\/\"]}]},{\"@type\":\"ImageObject\",\"inLanguage\":\"it-IT\",\"@id\":\"https:\\\/\\\/flmtech.it\\\/it\\\/centro-di-lavoro-universale-vf39\\\/#primaryimage\",\"url\":\"https:\\\/\\\/flmtech.it\\\/wp-content\\\/uploads\\\/2023\\\/10\\\/vf39_logo.jpg\",\"contentUrl\":\"https:\\\/\\\/flmtech.it\\\/wp-content\\\/uploads\\\/2023\\\/10\\\/vf39_logo.jpg\"},{\"@type\":\"BreadcrumbList\",\"@id\":\"https:\\\/\\\/flmtech.it\\\/it\\\/centro-di-lavoro-universale-vf39\\\/#breadcrumb\",\"itemListElement\":[{\"@type\":\"ListItem\",\"position\":1,\"name\":\"Home\",\"item\":\"https:\\\/\\\/flmtech.it\\\/it\\\/\"},{\"@type\":\"ListItem\",\"position\":2,\"name\":\"VF39\"}]},{\"@type\":\"WebSite\",\"@id\":\"https:\\\/\\\/flmtech.it\\\/#website\",\"url\":\"https:\\\/\\\/flmtech.it\\\/\",\"name\":\"Machine tools \u00bb F.L.M-TECH\",\"description\":\"\",\"publisher\":{\"@id\":\"https:\\\/\\\/flmtech.it\\\/#organization\"},\"potentialAction\":[{\"@type\":\"SearchAction\",\"target\":{\"@type\":\"EntryPoint\",\"urlTemplate\":\"https:\\\/\\\/flmtech.it\\\/?s={search_term_string}\"},\"query-input\":{\"@type\":\"PropertyValueSpecification\",\"valueRequired\":true,\"valueName\":\"search_term_string\"}}],\"inLanguage\":\"it-IT\"},{\"@type\":\"Organization\",\"@id\":\"https:\\\/\\\/flmtech.it\\\/#organization\",\"name\":\"Machine tools \u00bb F.L.M-TECH\",\"url\":\"https:\\\/\\\/flmtech.it\\\/\",\"logo\":{\"@type\":\"ImageObject\",\"inLanguage\":\"it-IT\",\"@id\":\"https:\\\/\\\/flmtech.it\\\/#\\\/schema\\\/logo\\\/image\\\/\",\"url\":\"\",\"contentUrl\":\"\",\"caption\":\"Machine tools \u00bb F.L.M-TECH\"},\"image\":{\"@id\":\"https:\\\/\\\/flmtech.it\\\/#\\\/schema\\\/logo\\\/image\\\/\"}}]}<\/script>\n<!-- \/ Yoast SEO plugin. -->","yoast_head_json":{"title":"VF 39 - Centro di Lavorazione Universale \u00bb F.L.M-Tech, macchine utensili","description":"Il centro di lavorazione universale VF 39 \u00e8 nato da un'idea di flessibilit\u00e0 e modularit\u00e0 per scopi legati alla moda... ma non solo","robots":{"index":"index","follow":"follow","max-snippet":"max-snippet:-1","max-image-preview":"max-image-preview:large","max-video-preview":"max-video-preview:-1"},"canonical":"https:\/\/flmtech.it\/it\/centro-di-lavoro-universale-vf39\/","og_locale":"it_IT","og_type":"article","og_title":"VF 39 - Centro di Lavorazione Universale \u00bb F.L.M-Tech, macchine utensili","og_description":"Il centro di lavorazione universale VF 39 \u00e8 nato da un'idea di flessibilit\u00e0 e modularit\u00e0 per scopi legati alla moda... ma non solo","og_url":"https:\/\/flmtech.it\/it\/centro-di-lavoro-universale-vf39\/","og_site_name":"Machine tools \u00bb F.L.M-TECH","article_modified_time":"2025-04-16T09:43:30+00:00","og_image":[{"url":"https:\/\/flmtech.it\/wp-content\/uploads\/2023\/10\/vf39_logo.jpg","type":"","width":"","height":""}],"twitter_card":"summary_large_image","twitter_misc":{"Tempo di lettura stimato":"3 minuti"},"schema":{"@context":"https:\/\/schema.org","@graph":[{"@type":"WebPage","@id":"https:\/\/flmtech.it\/it\/centro-di-lavoro-universale-vf39\/","url":"https:\/\/flmtech.it\/it\/centro-di-lavoro-universale-vf39\/","name":"VF 39 - Centro di Lavorazione Universale \u00bb F.L.M-Tech, macchine utensili","isPartOf":{"@id":"https:\/\/flmtech.it\/#website"},"primaryImageOfPage":{"@id":"https:\/\/flmtech.it\/it\/centro-di-lavoro-universale-vf39\/#primaryimage"},"image":{"@id":"https:\/\/flmtech.it\/it\/centro-di-lavoro-universale-vf39\/#primaryimage"},"thumbnailUrl":"https:\/\/flmtech.it\/wp-content\/uploads\/2023\/10\/vf39_logo.jpg","datePublished":"2023-10-04T18:21:19+00:00","dateModified":"2025-04-16T09:43:30+00:00","description":"Il centro di lavorazione universale VF 39 \u00e8 nato da un'idea di flessibilit\u00e0 e modularit\u00e0 per scopi legati alla moda... ma non solo","breadcrumb":{"@id":"https:\/\/flmtech.it\/it\/centro-di-lavoro-universale-vf39\/#breadcrumb"},"inLanguage":"it-IT","potentialAction":[{"@type":"ReadAction","target":["https:\/\/flmtech.it\/it\/centro-di-lavoro-universale-vf39\/"]}]},{"@type":"ImageObject","inLanguage":"it-IT","@id":"https:\/\/flmtech.it\/it\/centro-di-lavoro-universale-vf39\/#primaryimage","url":"https:\/\/flmtech.it\/wp-content\/uploads\/2023\/10\/vf39_logo.jpg","contentUrl":"https:\/\/flmtech.it\/wp-content\/uploads\/2023\/10\/vf39_logo.jpg"},{"@type":"BreadcrumbList","@id":"https:\/\/flmtech.it\/it\/centro-di-lavoro-universale-vf39\/#breadcrumb","itemListElement":[{"@type":"ListItem","position":1,"name":"Home","item":"https:\/\/flmtech.it\/it\/"},{"@type":"ListItem","position":2,"name":"VF39"}]},{"@type":"WebSite","@id":"https:\/\/flmtech.it\/#website","url":"https:\/\/flmtech.it\/","name":"Machine tools \u00bb F.L.M-TECH","description":"","publisher":{"@id":"https:\/\/flmtech.it\/#organization"},"potentialAction":[{"@type":"SearchAction","target":{"@type":"EntryPoint","urlTemplate":"https:\/\/flmtech.it\/?s={search_term_string}"},"query-input":{"@type":"PropertyValueSpecification","valueRequired":true,"valueName":"search_term_string"}}],"inLanguage":"it-IT"},{"@type":"Organization","@id":"https:\/\/flmtech.it\/#organization","name":"Machine tools \u00bb F.L.M-TECH","url":"https:\/\/flmtech.it\/","logo":{"@type":"ImageObject","inLanguage":"it-IT","@id":"https:\/\/flmtech.it\/#\/schema\/logo\/image\/","url":"","contentUrl":"","caption":"Machine tools \u00bb F.L.M-TECH"},"image":{"@id":"https:\/\/flmtech.it\/#\/schema\/logo\/image\/"}}]}},"_links":{"self":[{"href":"https:\/\/flmtech.it\/it\/wp-json\/wp\/v2\/pages\/1616","targetHints":{"allow":["GET"]}}],"collection":[{"href":"https:\/\/flmtech.it\/it\/wp-json\/wp\/v2\/pages"}],"about":[{"href":"https:\/\/flmtech.it\/it\/wp-json\/wp\/v2\/types\/page"}],"author":[{"embeddable":true,"href":"https:\/\/flmtech.it\/it\/wp-json\/wp\/v2\/users\/1"}],"replies":[{"embeddable":true,"href":"https:\/\/flmtech.it\/it\/wp-json\/wp\/v2\/comments?post=1616"}],"version-history":[{"count":11,"href":"https:\/\/flmtech.it\/it\/wp-json\/wp\/v2\/pages\/1616\/revisions"}],"predecessor-version":[{"id":2343,"href":"https:\/\/flmtech.it\/it\/wp-json\/wp\/v2\/pages\/1616\/revisions\/2343"}],"wp:attachment":[{"href":"https:\/\/flmtech.it\/it\/wp-json\/wp\/v2\/media?parent=1616"}],"curies":[{"name":"wp","href":"https:\/\/api.w.org\/{rel}","templated":true}]}}