{"id":1576,"date":"2023-10-03T16:50:07","date_gmt":"2023-10-03T14:50:07","guid":{"rendered":"https:\/\/flmtech.it\/jazz-m\/"},"modified":"2025-04-14T13:24:19","modified_gmt":"2025-04-14T11:24:19","slug":"centri-di-lavoro-5-assi-jazz-m","status":"publish","type":"page","link":"https:\/\/flmtech.it\/it\/centri-di-lavoro-5-assi-jazz-m\/","title":{"rendered":"Jazz M"},"content":{"rendered":"<div id='headmachinejazzm'  class='avia-section av-3404ck-de79f5908ba8e82ebff9fe46c926ac11 main_color avia-section-default avia-no-border-styling  avia-builder-el-0  el_before_av_section  avia-builder-el-first  avia-bg-style-scroll container_wrap fullsize'  ><div class='container av-section-cont-open' ><main  role=\"main\" itemprop=\"mainContentOfPage\"  class='template-page content  av-content-full alpha units'><div class='post-entry post-entry-type-page post-entry-1576'><div class='entry-content-wrapper clearfix'>\n\n<style type=\"text\/css\" data-created_by=\"avia_inline_auto\" id=\"style-css-av-2u6m9o-b04698973c7d1156cbc1aad0ae3dc216\">\n#top .flex_column.av-2u6m9o-b04698973c7d1156cbc1aad0ae3dc216{\nmargin-top:-10px;\nmargin-bottom:0px;\n}\n.responsive #top #wrap_all .flex_column.av-2u6m9o-b04698973c7d1156cbc1aad0ae3dc216{\nmargin-top:-10px;\nmargin-bottom:0px;\n}\n<\/style>\n<div  class='flex_column av-2u6m9o-b04698973c7d1156cbc1aad0ae3dc216 av_two_third  avia-builder-el-1  el_before_av_one_third  avia-builder-el-first  first flex_column_div  '     ><section  class='av_textblock_section av-2o6pw4-958b81164bcf77203443a97580d86299 '   itemscope=\"itemscope\" itemtype=\"https:\/\/schema.org\/CreativeWork\" ><div class='avia_textblock'  itemprop=\"text\" ><h3>Jazz M<\/h3>\n<p class=\"title_machine\">Centri di lavoro a 3 <span class=\"red\">\u21e2<\/span>5 assi<\/p>\n<\/div><\/section><\/div>\n<style type=\"text\/css\" data-created_by=\"avia_inline_auto\" id=\"style-css-av-2johm4-2a0cbb2d3aa27e43c86621fc16b52af2\">\n#top .flex_column.av-2johm4-2a0cbb2d3aa27e43c86621fc16b52af2{\nmargin-top:-10px;\nmargin-bottom:0px;\n}\n.responsive #top #wrap_all .flex_column.av-2johm4-2a0cbb2d3aa27e43c86621fc16b52af2{\nmargin-top:-10px;\nmargin-bottom:0px;\n}\n<\/style>\n<div  class='flex_column av-2johm4-2a0cbb2d3aa27e43c86621fc16b52af2 av_one_third  avia-builder-el-3  el_after_av_two_third  el_before_av_one_half  flex_column_div av-hide-on-mobile  '     ><\/div><div class='av-column-wrapper-individual av-mobile-columns-flex av-columns-reverse'><div  class='flex_column av-27ivr8-3ca56037f586a645d1403fa9c96207c8 av_one_half  avia-builder-el-5  el_after_av_one_third  el_before_av_one_half  first flex_column_div  column-top-margin'     ><section  class='av_textblock_section av-4ty24-45fa8c1b7347e03c342eb2cb0227de72 '   itemscope=\"itemscope\" itemtype=\"https:\/\/schema.org\/CreativeWork\" ><div class='avia_textblock'  itemprop=\"text\" ><p style=\"text-align: left;\">La <strong>JAZZ M 5 AX<\/strong> \u00e8 stata introdotta a completamento della gamma, rimarcandone le peculiari doti di versatilit\u00e0. Il basamento \u00e8 anche in questo caso ottenuto col riempimento di strutture saldate, tramite materiale composito (ghisa minerale arricchita, DMP). Alla ricerca di un corretto equilibrio tra ingombri e variet\u00e0 di soluzioni lavorative, la JAZZ M 5 AX si propone come \u201csumma\u201d delle diverse caratteristiche che hanno determinato il successo della JAZZ R e JAZZ L.<\/p>\n<p style=\"text-align: left;\">Pertanto, pur mantenendo un\u2019area di lavoro con la combinazione tavola fissa e tavola rotobasculante propria della JAZZ L 5 AX, le sue dimensioni si sono ridotte avvicinandosi alla JAZZ R 5 AX della quale fa propria la porta addizionale laterale, fruibile specialmente per l\u2019adozione di asservimenti automatizzati tramite robot e cambi pallet automatici.<\/p>\n<\/div><\/section><br \/>\n<section  class='av_textblock_section av-11js2c-cf62d2471cf6fd527e44870480e40ba3 '   itemscope=\"itemscope\" itemtype=\"https:\/\/schema.org\/CreativeWork\" ><div class='avia_textblock'  itemprop=\"text\" ><p class=\"title_pmachine\">Cose da sapere<\/p>\n<p style=\"text-align: left;\">Le strutture delle JAZZ sono realizzate con la nuova tecnica DMP\u00ae, alternativa ai tradizionali elementi in elettrosaldato, ghisa o granito. Essa prevede la creazione di un guscio esterno in acciaio integralmente o parzialmente riempito. L\u2019agglomerato utilizzato possiede un mix di elementi specificatamente studiato per ottimizzare le caratteristiche meccaniche richieste dal mondo della macchina utensile, e pi\u00f9 in generale della meccanica. I vantaggi che ne derivano sono molteplici:<\/p>\n<p style=\"text-align: left;\"><span class=\"title_pmachine\">\u25fc\ufe0e<\/span>Elevata stabilit\u00e0 dinamica della macchina<br \/>\n<span class=\"title_pmachine\">\u25fc\ufe0e<\/span>Indeformabilit\u00e0 nel tempo<br \/>\n<span class=\"title_pmachine\">\u25fc\ufe0e<\/span>Minori vibrazioni nella zona di contatto utensile<br \/>\n<span class=\"title_pmachine\">\u25fc\ufe0e<\/span>Minore generazione termica nella zona utensile\/pezzo<\/p>\n<\/div><\/section><\/p><\/div><div  class='flex_column av-1z06v0-9df74a34ae0fab1cbb0b614367dc5ee2 av_one_half  avia-builder-el-8  el_after_av_one_half  avia-builder-el-last  flex_column_div  column-top-margin'     ><style type=\"text\/css\" data-created_by=\"avia_inline_auto\" id=\"style-css-av-1rrgac-0910645573141d8b7b9c871e0e2a704b\">\n.avia-image-container.av-1rrgac-0910645573141d8b7b9c871e0e2a704b img.avia_image{\nbox-shadow:none;\n}\n.avia-image-container.av-1rrgac-0910645573141d8b7b9c871e0e2a704b .av-image-caption-overlay-center{\ncolor:#ffffff;\n}\n<\/style>\n<div  class='avia-image-container av-1rrgac-0910645573141d8b7b9c871e0e2a704b av-styling- avia-align-center  avia-builder-el-9  avia-builder-el-no-sibling '   itemprop=\"image\" itemscope=\"itemscope\" itemtype=\"https:\/\/schema.org\/ImageObject\" ><div class=\"avia-image-container-inner\"><div class=\"avia-image-overlay-wrap\"><img decoding=\"async\" class='wp-image-2043 avia-img-lazy-loading-not-2043 avia_image ' src=\"https:\/\/flmtech.it\/wp-content\/uploads\/2025\/04\/flm_Jazz-M_jazz_r_working_center_5ax.jpg\" alt='' title='flm_Jazz-M_jazz_r_working_center_5ax'  height=\"649\" width=\"850\"  itemprop=\"thumbnailUrl\" srcset=\"https:\/\/flmtech.it\/wp-content\/uploads\/2025\/04\/flm_Jazz-M_jazz_r_working_center_5ax.jpg 850w, https:\/\/flmtech.it\/wp-content\/uploads\/2025\/04\/flm_Jazz-M_jazz_r_working_center_5ax-300x229.jpg 300w, https:\/\/flmtech.it\/wp-content\/uploads\/2025\/04\/flm_Jazz-M_jazz_r_working_center_5ax-768x586.jpg 768w, https:\/\/flmtech.it\/wp-content\/uploads\/2025\/04\/flm_Jazz-M_jazz_r_working_center_5ax-705x538.jpg 705w\" sizes=\"(max-width: 850px) 100vw, 850px\" \/><\/div><\/div><\/div><\/div><\/div><!--close flex column wrapper. Autoclose: 1 --><\/div><\/div><\/main><!-- close content main element --><\/div><\/div>\n<style type=\"text\/css\" data-created_by=\"avia_inline_auto\" id=\"style-css-av-vv38k-6f4d9cc4ae69f34a760bf3b24b12cd37\">\n.avia-section.av-vv38k-6f4d9cc4ae69f34a760bf3b24b12cd37{\nmargin-top:-30px;\nmargin-bottom:0px;\n}\n<\/style>\n<div id='av_section_2'  class='avia-section av-vv38k-6f4d9cc4ae69f34a760bf3b24b12cd37 main_color avia-section-no-padding avia-no-border-styling  avia-builder-el-10  el_after_av_section  avia-builder-el-last  avia-bg-style-scroll container_wrap fullsize'  ><div class='container av-section-cont-open' ><div class='template-page content  av-content-full alpha units'><div class='post-entry post-entry-type-page post-entry-1576'><div class='entry-content-wrapper clearfix'>\n<div  class='flex_column av-qhz2s-c911a8ff2a7301c7b429f076f3aa6a30 av_one_half  avia-builder-el-11  el_before_av_one_half  avia-builder-el-first  first flex_column_div  '     ><section  class='av_textblock_section av-lrnwk-e4cf703b3b432393f55d9a5993f6a22e '   itemscope=\"itemscope\" itemtype=\"https:\/\/schema.org\/CreativeWork\" ><div class='avia_textblock'  itemprop=\"text\" ><table>\n<tbody>\n<tr>\n<td colspan=\"2\">\n<p class=\"title_pmachine\" style=\"text-align: left;\">Caratteristiche tecniche JAZZ M 5 AX<\/p>\n<\/td>\n<\/tr>\n<tr>\n<td colspan=\"2\">\n<p style=\"text-align: justify; text-justify: inter-word;\"><span class=\"title_pmachine\">\u25fc\ufe0e Corse<\/span><\/p>\n<\/td>\n<\/tr>\n<tr>\n<td>\n<p style=\"text-align: justify; text-justify: inter-word;\">X axis<\/p>\n<\/td>\n<td>\n<p style=\"text-align: justify; text-justify: inter-word;\">mm 1550<\/p>\n<\/td>\n<\/tr>\n<tr>\n<td>\n<p style=\"text-align: justify; text-justify: inter-word;\">Y axis<\/p>\n<\/td>\n<td>\n<p style=\"text-align: justify; text-justify: inter-word;\">mm 650<\/p>\n<\/td>\n<\/tr>\n<tr>\n<td>\n<p style=\"text-align: justify; text-justify: inter-word;\">Z axis<\/p>\n<\/td>\n<td>\n<p style=\"text-align: justify; text-justify: inter-word;\">mm 550<\/p>\n<\/td>\n<\/tr>\n<tr>\n<td>\n<p style=\"text-align: justify; text-justify: inter-word;\">Distanza naso mandrino-tavola<\/p>\n<\/td>\n<td>\n<p style=\"text-align: justify; text-justify: inter-word;\">mm 170 &#8211; 720<\/p>\n<\/td>\n<\/tr>\n<tr>\n<td colspan=\"2\">\n<p style=\"text-align: justify; text-justify: inter-word;\"><span class=\"title_pmachine\">\u25fc\ufe0e Rapidi<\/span><\/p>\n<\/td>\n<\/tr>\n<tr>\n<td>\n<p style=\"text-align: justify; text-justify: inter-word;\">Avanzamenti rapidi assi X, Y, Z<\/p>\n<\/td>\n<td>\n<p style=\"text-align: justify; text-justify: inter-word;\">m\/min 45<\/p>\n<\/td>\n<\/tr>\n<tr>\n<td>\n<p style=\"text-align: justify; text-justify: inter-word;\">Avanzamento in lavoro assi X, Y, Z<\/p>\n<\/td>\n<td>\n<p style=\"text-align: justify; text-justify: inter-word;\">m\/min 20<\/p>\n<\/td>\n<\/tr>\n<tr>\n<td colspan=\"2\">\n<p style=\"text-align: justify; text-justify: inter-word;\"><span class=\"title_pmachine\">\u25fc\ufe0e Tavola fissa<\/span><\/p>\n<\/td>\n<\/tr>\n<tr>\n<td>\n<p style=\"text-align: justify; text-justify: inter-word;\">Corsa asse<\/p>\n<\/td>\n<td>\n<p style=\"text-align: justify; text-justify: inter-word;\">mm 800<\/p>\n<\/td>\n<\/tr>\n<tr>\n<td>\n<p style=\"text-align: justify; text-justify: inter-word;\">Dimensioni piano tavola<\/p>\n<\/td>\n<td>\n<p style=\"text-align: justify; text-justify: inter-word;\">mm 800&#215;800<\/p>\n<\/td>\n<\/tr>\n<tr>\n<td>\n<p style=\"text-align: justify; text-justify: inter-word;\">Max peso sulla tavola (per m2)<\/p>\n<\/td>\n<td>\n<p style=\"text-align: justify; text-justify: inter-word;\">Kg 1000<\/p>\n<\/td>\n<\/tr>\n<tr>\n<td colspan=\"2\">\n<p style=\"text-align: justify; text-justify: inter-word;\"><span class=\"title_pmachine\">\u25fc\ufe0e Tavola rotobasculante<\/span><\/p>\n<\/td>\n<\/tr>\n<tr>\n<td>\n<p style=\"text-align: justify; text-justify: inter-word;\">Corsa dell&#8217;asse<\/p>\n<\/td>\n<td>\n<p style=\"text-align: justify; text-justify: inter-word;\">mm 600<\/p>\n<\/td>\n<\/tr>\n<tr>\n<td>\n<p style=\"text-align: justify; text-justify: inter-word;\">Dimensioni del tavolo<\/p>\n<\/td>\n<td>\n<p style=\"text-align: justify; text-justify: inter-word;\">mm 600&#215;600<\/p>\n<\/td>\n<\/tr>\n<tr>\n<td>\n<p style=\"text-align: justify; text-justify: inter-word;\">Carico massimo sul tavolo<\/p>\n<\/td>\n<td>\n<p style=\"text-align: justify; text-justify: inter-word;\">Kg 500<\/p>\n<\/td>\n<\/tr>\n<tr>\n<td colspan=\"2\">\n<p style=\"text-align: justify; text-justify: inter-word;\"><span class=\"title_pmachine\">\u25fc\ufe0e Asse Rotante (C)<\/span><\/p>\n<\/td>\n<\/tr>\n<tr>\n<td>\n<p style=\"text-align: justify; text-justify: inter-word;\">Intervallo di rotazione dell&#8217;asse C<\/p>\n<\/td>\n<td>\n<p style=\"text-align: justify; text-justify: inter-word;\">0-360\u00b0<\/p>\n<\/td>\n<\/tr>\n<tr>\n<td>\n<p style=\"text-align: justify; text-justify: inter-word;\">Velocit\u00e0 massima<\/p>\n<\/td>\n<td>\n<p style=\"text-align: justify; text-justify: inter-word;\">rpm 25<\/p>\n<\/td>\n<\/tr>\n<tr>\n<td colspan=\"2\">\n<p style=\"text-align: justify; text-justify: inter-word;\"><span class=\"title_pmachine\">\u25fc\ufe0e Asse Tiltante (B)<\/span><\/p>\n<\/td>\n<\/tr>\n<tr>\n<td>\n<p style=\"text-align: justify; text-justify: inter-word;\">Gamma di inclinazione<\/p>\n<\/td>\n<td>\n<p style=\"text-align: justify; text-justify: inter-word;\">\u00b1110\u00b0<\/p>\n<\/td>\n<\/tr>\n<tr>\n<td>\n<p style=\"text-align: justify; text-justify: inter-word;\">Velocit\u00e0 massima<\/p>\n<\/td>\n<td>\n<p style=\"text-align: justify; text-justify: inter-word;\">rpm 16.6<\/p>\n<\/td>\n<\/tr>\n<\/tbody>\n<\/table>\n<\/div><\/section><\/div><div  class='flex_column av-dlnss-2862fcc5cc45372bb79d0ba6de2a2b04 av_one_half  avia-builder-el-13  el_after_av_one_half  avia-builder-el-last  flex_column_div  '     ><section  class='av_textblock_section av-6y5vw-b135bc910497631cf6eddb54f2dad42d '   itemscope=\"itemscope\" itemtype=\"https:\/\/schema.org\/CreativeWork\" ><div class='avia_textblock'  itemprop=\"text\" ><table>\n<tbody>\n<tr>\n<td colspan=\"2\">\n<p style=\"text-align: justify; text-justify: inter-word;\"><span class=\"title_pmachine\">\u25fc\ufe0e Mandrino meccanico coassiale CNC Heidenhain TNC 640<\/span><\/p>\n<\/td>\n<\/tr>\n<tr>\n<td>\n<p style=\"text-align: justify; text-justify: inter-word;\">Tipo di attacco<\/p>\n<\/td>\n<td>\n<p style=\"text-align: justify; text-justify: inter-word;\">ISO40 DIN69871<\/p>\n<\/td>\n<\/tr>\n<tr>\n<td>\n<p style=\"text-align: justify; text-justify: inter-word;\">Potenza motore (S1\/S6) Heidenhain<\/p>\n<\/td>\n<td>\n<p style=\"text-align: justify; text-justify: inter-word;\">kW10\/17 (opt 25)<\/p>\n<\/td>\n<\/tr>\n<tr>\n<td>\n<p style=\"text-align: justify; text-justify: inter-word;\">Coppia motore (S1\/S6) Heidenhain<\/p>\n<\/td>\n<td>\n<p style=\"text-align: justify; text-justify: inter-word;\">Nm 63,7\/108,60<\/p>\n<\/td>\n<\/tr>\n<tr>\n<td>\n<p style=\"text-align: justify; text-justify: inter-word;\">Max velocit\u00e0 di rotazione<\/p>\n<\/td>\n<td>\n<p style=\"text-align: justify; text-justify: inter-word;\">rpm 12000<\/p>\n<\/td>\n<\/tr>\n<tr>\n<td colspan=\"2\">\n<p style=\"text-align: justify; text-justify: inter-word;\"><span class=\"title_pmachine\">\u25fc\ufe0e Cambio utensili random a 40 posizioni<\/span><\/p>\n<\/td>\n<\/tr>\n<tr>\n<td>\n<p style=\"text-align: justify; text-justify: inter-word;\">Max diam. utensile.<\/p>\n<\/td>\n<td>\n<p style=\"text-align: justify; text-justify: inter-word;\">mm 75 (130)<\/p>\n<\/td>\n<\/tr>\n<tr>\n<td>\n<p style=\"text-align: justify; text-justify: inter-word;\">Max lunghezza utensile<\/p>\n<\/td>\n<td>\n<p style=\"text-align: justify; text-justify: inter-word;\">mm 300<\/p>\n<\/td>\n<\/tr>\n<tr>\n<td>\n<p style=\"text-align: justify; text-justify: inter-word;\">Max peso utensile<\/p>\n<\/td>\n<td>\n<p style=\"text-align: justify; text-justify: inter-word;\">Kg 8<\/p>\n<\/td>\n<\/tr>\n<tr>\n<td>\n<p style=\"text-align: justify; text-justify: inter-word;\">Tempo cambio utensile (utensile\u201a utensile)<\/p>\n<\/td>\n<td>\n<p style=\"text-align: justify; text-justify: inter-word;\">sec 2,3<\/p>\n<\/td>\n<\/tr>\n<tr>\n<td>\n<p style=\"text-align: justify; text-justify: inter-word;\">Peso totale ammesso<\/p>\n<\/td>\n<td>\n<p style=\"text-align: justify; text-justify: inter-word;\">Kg 200<\/p>\n<\/td>\n<\/tr>\n<tr>\n<td colspan=\"2\">\n<p style=\"text-align: justify; text-justify: inter-word;\"><span class=\"title_pmachine\">\u25fc\ufe0e Convogliatore trucioli raschiante<\/span><\/p>\n<\/td>\n<\/tr>\n<tr>\n<td colspan=\"2\">\n<p style=\"text-align: justify; text-justify: inter-word;\"><span class=\"title_pmachine\">\u25fc\ufe0e CNC Heidenhain TNC 640 (Siemens \/ Fanuc \/ Fagor available)<\/span><\/p>\n<\/td>\n<\/tr>\n<tr>\n<td>\n<p style=\"text-align: justify; text-justify: inter-word;\">Peso totale della macchina<\/p>\n<\/td>\n<td>\n<p style=\"text-align: justify; text-justify: inter-word;\">Kg 13000<\/p>\n<\/td>\n<\/tr>\n<\/tbody>\n<\/table>\n<\/div><\/section><\/div>\n<\/p>\n","protected":false},"excerpt":{"rendered":"","protected":false},"author":1,"featured_media":0,"parent":0,"menu_order":0,"comment_status":"closed","ping_status":"closed","template":"","meta":{"footnotes":""},"class_list":["post-1576","page","type-page","status-publish","hentry"],"yoast_head":"<!-- This site is optimized with the Yoast SEO plugin v27.6 - https:\/\/yoast.com\/product\/yoast-seo-wordpress\/ -->\n<title>Jazz M - Centro di lavoro a 5 assi \u00bb F.L.M-Tech, macchine utensili<\/title>\n<meta name=\"description\" content=\"Il centro di lavoro Jazz M a 5 assi \u00e8 stato introdotto per completare la gamma Jazz, sottolineando ancora una volta la versatilit\u00e0 e l&#039;alta flessibilit\u00e0.\" \/>\n<meta name=\"robots\" content=\"index, follow, max-snippet:-1, max-image-preview:large, max-video-preview:-1\" \/>\n<link rel=\"canonical\" href=\"https:\/\/flmtech.it\/it\/centri-di-lavoro-5-assi-jazz-m\/\" \/>\n<meta property=\"og:locale\" content=\"it_IT\" \/>\n<meta property=\"og:type\" content=\"article\" \/>\n<meta property=\"og:title\" content=\"Jazz M - Centro di lavoro a 5 assi \u00bb F.L.M-Tech, macchine utensili\" \/>\n<meta property=\"og:description\" content=\"Il centro di lavoro Jazz M a 5 assi \u00e8 stato introdotto per completare la gamma Jazz, sottolineando ancora una volta la versatilit\u00e0 e l&#039;alta flessibilit\u00e0.\" \/>\n<meta property=\"og:url\" content=\"https:\/\/flmtech.it\/it\/centri-di-lavoro-5-assi-jazz-m\/\" \/>\n<meta property=\"og:site_name\" content=\"Machine tools \u00bb F.L.M-TECH\" \/>\n<meta property=\"article:modified_time\" content=\"2025-04-14T11:24:19+00:00\" \/>\n<meta property=\"og:image\" content=\"https:\/\/flmtech.it\/wp-content\/uploads\/2023\/10\/jaz_logo.jpg\" \/>\n<meta name=\"twitter:card\" content=\"summary_large_image\" \/>\n<meta name=\"twitter:label1\" content=\"Tempo di lettura stimato\" \/>\n\t<meta name=\"twitter:data1\" content=\"3 minuti\" \/>\n<script type=\"application\/ld+json\" class=\"yoast-schema-graph\">{\"@context\":\"https:\\\/\\\/schema.org\",\"@graph\":[{\"@type\":\"WebPage\",\"@id\":\"https:\\\/\\\/flmtech.it\\\/it\\\/centri-di-lavoro-5-assi-jazz-m\\\/\",\"url\":\"https:\\\/\\\/flmtech.it\\\/it\\\/centri-di-lavoro-5-assi-jazz-m\\\/\",\"name\":\"Jazz M - Centro di lavoro a 5 assi \u00bb F.L.M-Tech, macchine utensili\",\"isPartOf\":{\"@id\":\"https:\\\/\\\/flmtech.it\\\/#website\"},\"primaryImageOfPage\":{\"@id\":\"https:\\\/\\\/flmtech.it\\\/it\\\/centri-di-lavoro-5-assi-jazz-m\\\/#primaryimage\"},\"image\":{\"@id\":\"https:\\\/\\\/flmtech.it\\\/it\\\/centri-di-lavoro-5-assi-jazz-m\\\/#primaryimage\"},\"thumbnailUrl\":\"https:\\\/\\\/flmtech.it\\\/wp-content\\\/uploads\\\/2023\\\/10\\\/jaz_logo.jpg\",\"datePublished\":\"2023-10-03T14:50:07+00:00\",\"dateModified\":\"2025-04-14T11:24:19+00:00\",\"description\":\"Il centro di lavoro Jazz M a 5 assi \u00e8 stato introdotto per completare la gamma Jazz, sottolineando ancora una volta la versatilit\u00e0 e l'alta flessibilit\u00e0.\",\"breadcrumb\":{\"@id\":\"https:\\\/\\\/flmtech.it\\\/it\\\/centri-di-lavoro-5-assi-jazz-m\\\/#breadcrumb\"},\"inLanguage\":\"it-IT\",\"potentialAction\":[{\"@type\":\"ReadAction\",\"target\":[\"https:\\\/\\\/flmtech.it\\\/it\\\/centri-di-lavoro-5-assi-jazz-m\\\/\"]}]},{\"@type\":\"ImageObject\",\"inLanguage\":\"it-IT\",\"@id\":\"https:\\\/\\\/flmtech.it\\\/it\\\/centri-di-lavoro-5-assi-jazz-m\\\/#primaryimage\",\"url\":\"https:\\\/\\\/flmtech.it\\\/wp-content\\\/uploads\\\/2023\\\/10\\\/jaz_logo.jpg\",\"contentUrl\":\"https:\\\/\\\/flmtech.it\\\/wp-content\\\/uploads\\\/2023\\\/10\\\/jaz_logo.jpg\"},{\"@type\":\"BreadcrumbList\",\"@id\":\"https:\\\/\\\/flmtech.it\\\/it\\\/centri-di-lavoro-5-assi-jazz-m\\\/#breadcrumb\",\"itemListElement\":[{\"@type\":\"ListItem\",\"position\":1,\"name\":\"Home\",\"item\":\"https:\\\/\\\/flmtech.it\\\/it\\\/\"},{\"@type\":\"ListItem\",\"position\":2,\"name\":\"Jazz M\"}]},{\"@type\":\"WebSite\",\"@id\":\"https:\\\/\\\/flmtech.it\\\/#website\",\"url\":\"https:\\\/\\\/flmtech.it\\\/\",\"name\":\"Machine tools \u00bb F.L.M-TECH\",\"description\":\"\",\"publisher\":{\"@id\":\"https:\\\/\\\/flmtech.it\\\/#organization\"},\"potentialAction\":[{\"@type\":\"SearchAction\",\"target\":{\"@type\":\"EntryPoint\",\"urlTemplate\":\"https:\\\/\\\/flmtech.it\\\/?s={search_term_string}\"},\"query-input\":{\"@type\":\"PropertyValueSpecification\",\"valueRequired\":true,\"valueName\":\"search_term_string\"}}],\"inLanguage\":\"it-IT\"},{\"@type\":\"Organization\",\"@id\":\"https:\\\/\\\/flmtech.it\\\/#organization\",\"name\":\"Machine tools \u00bb F.L.M-TECH\",\"url\":\"https:\\\/\\\/flmtech.it\\\/\",\"logo\":{\"@type\":\"ImageObject\",\"inLanguage\":\"it-IT\",\"@id\":\"https:\\\/\\\/flmtech.it\\\/#\\\/schema\\\/logo\\\/image\\\/\",\"url\":\"\",\"contentUrl\":\"\",\"caption\":\"Machine tools \u00bb F.L.M-TECH\"},\"image\":{\"@id\":\"https:\\\/\\\/flmtech.it\\\/#\\\/schema\\\/logo\\\/image\\\/\"}}]}<\/script>\n<!-- \/ Yoast SEO plugin. -->","yoast_head_json":{"title":"Jazz M - Centro di lavoro a 5 assi \u00bb F.L.M-Tech, macchine utensili","description":"Il centro di lavoro Jazz M a 5 assi \u00e8 stato introdotto per completare la gamma Jazz, sottolineando ancora una volta la versatilit\u00e0 e l'alta flessibilit\u00e0.","robots":{"index":"index","follow":"follow","max-snippet":"max-snippet:-1","max-image-preview":"max-image-preview:large","max-video-preview":"max-video-preview:-1"},"canonical":"https:\/\/flmtech.it\/it\/centri-di-lavoro-5-assi-jazz-m\/","og_locale":"it_IT","og_type":"article","og_title":"Jazz M - Centro di lavoro a 5 assi \u00bb F.L.M-Tech, macchine utensili","og_description":"Il centro di lavoro Jazz M a 5 assi \u00e8 stato introdotto per completare la gamma Jazz, sottolineando ancora una volta la versatilit\u00e0 e l'alta flessibilit\u00e0.","og_url":"https:\/\/flmtech.it\/it\/centri-di-lavoro-5-assi-jazz-m\/","og_site_name":"Machine tools \u00bb F.L.M-TECH","article_modified_time":"2025-04-14T11:24:19+00:00","og_image":[{"url":"https:\/\/flmtech.it\/wp-content\/uploads\/2023\/10\/jaz_logo.jpg","type":"","width":"","height":""}],"twitter_card":"summary_large_image","twitter_misc":{"Tempo di lettura stimato":"3 minuti"},"schema":{"@context":"https:\/\/schema.org","@graph":[{"@type":"WebPage","@id":"https:\/\/flmtech.it\/it\/centri-di-lavoro-5-assi-jazz-m\/","url":"https:\/\/flmtech.it\/it\/centri-di-lavoro-5-assi-jazz-m\/","name":"Jazz M - Centro di lavoro a 5 assi \u00bb F.L.M-Tech, macchine utensili","isPartOf":{"@id":"https:\/\/flmtech.it\/#website"},"primaryImageOfPage":{"@id":"https:\/\/flmtech.it\/it\/centri-di-lavoro-5-assi-jazz-m\/#primaryimage"},"image":{"@id":"https:\/\/flmtech.it\/it\/centri-di-lavoro-5-assi-jazz-m\/#primaryimage"},"thumbnailUrl":"https:\/\/flmtech.it\/wp-content\/uploads\/2023\/10\/jaz_logo.jpg","datePublished":"2023-10-03T14:50:07+00:00","dateModified":"2025-04-14T11:24:19+00:00","description":"Il centro di lavoro Jazz M a 5 assi \u00e8 stato introdotto per completare la gamma Jazz, sottolineando ancora una volta la versatilit\u00e0 e l'alta flessibilit\u00e0.","breadcrumb":{"@id":"https:\/\/flmtech.it\/it\/centri-di-lavoro-5-assi-jazz-m\/#breadcrumb"},"inLanguage":"it-IT","potentialAction":[{"@type":"ReadAction","target":["https:\/\/flmtech.it\/it\/centri-di-lavoro-5-assi-jazz-m\/"]}]},{"@type":"ImageObject","inLanguage":"it-IT","@id":"https:\/\/flmtech.it\/it\/centri-di-lavoro-5-assi-jazz-m\/#primaryimage","url":"https:\/\/flmtech.it\/wp-content\/uploads\/2023\/10\/jaz_logo.jpg","contentUrl":"https:\/\/flmtech.it\/wp-content\/uploads\/2023\/10\/jaz_logo.jpg"},{"@type":"BreadcrumbList","@id":"https:\/\/flmtech.it\/it\/centri-di-lavoro-5-assi-jazz-m\/#breadcrumb","itemListElement":[{"@type":"ListItem","position":1,"name":"Home","item":"https:\/\/flmtech.it\/it\/"},{"@type":"ListItem","position":2,"name":"Jazz M"}]},{"@type":"WebSite","@id":"https:\/\/flmtech.it\/#website","url":"https:\/\/flmtech.it\/","name":"Machine tools \u00bb F.L.M-TECH","description":"","publisher":{"@id":"https:\/\/flmtech.it\/#organization"},"potentialAction":[{"@type":"SearchAction","target":{"@type":"EntryPoint","urlTemplate":"https:\/\/flmtech.it\/?s={search_term_string}"},"query-input":{"@type":"PropertyValueSpecification","valueRequired":true,"valueName":"search_term_string"}}],"inLanguage":"it-IT"},{"@type":"Organization","@id":"https:\/\/flmtech.it\/#organization","name":"Machine tools \u00bb F.L.M-TECH","url":"https:\/\/flmtech.it\/","logo":{"@type":"ImageObject","inLanguage":"it-IT","@id":"https:\/\/flmtech.it\/#\/schema\/logo\/image\/","url":"","contentUrl":"","caption":"Machine tools \u00bb F.L.M-TECH"},"image":{"@id":"https:\/\/flmtech.it\/#\/schema\/logo\/image\/"}}]}},"_links":{"self":[{"href":"https:\/\/flmtech.it\/it\/wp-json\/wp\/v2\/pages\/1576","targetHints":{"allow":["GET"]}}],"collection":[{"href":"https:\/\/flmtech.it\/it\/wp-json\/wp\/v2\/pages"}],"about":[{"href":"https:\/\/flmtech.it\/it\/wp-json\/wp\/v2\/types\/page"}],"author":[{"embeddable":true,"href":"https:\/\/flmtech.it\/it\/wp-json\/wp\/v2\/users\/1"}],"replies":[{"embeddable":true,"href":"https:\/\/flmtech.it\/it\/wp-json\/wp\/v2\/comments?post=1576"}],"version-history":[{"count":20,"href":"https:\/\/flmtech.it\/it\/wp-json\/wp\/v2\/pages\/1576\/revisions"}],"predecessor-version":[{"id":2274,"href":"https:\/\/flmtech.it\/it\/wp-json\/wp\/v2\/pages\/1576\/revisions\/2274"}],"wp:attachment":[{"href":"https:\/\/flmtech.it\/it\/wp-json\/wp\/v2\/media?parent=1576"}],"curies":[{"name":"wp","href":"https:\/\/api.w.org\/{rel}","templated":true}]}}