{"id":1564,"date":"2023-10-03T17:54:39","date_gmt":"2023-10-03T15:54:39","guid":{"rendered":"https:\/\/flmtech.it\/jazz-l\/"},"modified":"2025-04-16T11:48:58","modified_gmt":"2025-04-16T09:48:58","slug":"jazz-l-centro-di-lavoro-a-3-e-5-assi-jazz-l","status":"publish","type":"page","link":"https:\/\/flmtech.it\/it\/jazz-l-centro-di-lavoro-a-3-e-5-assi-jazz-l\/","title":{"rendered":"Jazz L"},"content":{"rendered":"<div id='headmachinejazzl'  class='avia-section av-4zh7w9-0363a6205776d6cd6a378b0c8829461b main_color avia-section-default avia-no-border-styling  avia-builder-el-0  el_before_av_section  avia-builder-el-first  avia-bg-style-scroll container_wrap fullsize'  ><div class='container av-section-cont-open' ><main  role=\"main\" itemprop=\"mainContentOfPage\"  class='template-page content  av-content-full alpha units'><div class='post-entry post-entry-type-page post-entry-1564'><div class='entry-content-wrapper clearfix'>\n\n<style type=\"text\/css\" data-created_by=\"avia_inline_auto\" id=\"style-css-av-4v5xm9-924a07c7a38b26574bb24676261d46d9\">\n#top .flex_column.av-4v5xm9-924a07c7a38b26574bb24676261d46d9{\nmargin-top:-10px;\nmargin-bottom:0px;\n}\n.responsive #top #wrap_all .flex_column.av-4v5xm9-924a07c7a38b26574bb24676261d46d9{\nmargin-top:-10px;\nmargin-bottom:0px;\n}\n<\/style>\n<div  class='flex_column av-4v5xm9-924a07c7a38b26574bb24676261d46d9 av_two_third  avia-builder-el-1  el_before_av_one_third  avia-builder-el-first  first flex_column_div  '     ><section  class='av_textblock_section av-lnai1eem-11c71e150acfdd679c83dc6b5ecbfd61 '   itemscope=\"itemscope\" itemtype=\"https:\/\/schema.org\/CreativeWork\" ><div class='avia_textblock'  itemprop=\"text\" ><h3>Jazz L<\/h3>\n<p class=\"title_machine\">Centri di lavoro a 3<span class=\"red\">\u21e2<\/span>5 assi<\/p>\n<\/div><\/section><\/div>\n<style type=\"text\/css\" data-created_by=\"avia_inline_auto\" id=\"style-css-av-h2sg1-175ed763a2d1725a5101cdb83b311388\">\n#top .flex_column.av-h2sg1-175ed763a2d1725a5101cdb83b311388{\nmargin-top:-10px;\nmargin-bottom:0px;\n}\n.responsive #top #wrap_all .flex_column.av-h2sg1-175ed763a2d1725a5101cdb83b311388{\nmargin-top:-10px;\nmargin-bottom:0px;\n}\n<\/style>\n<div  class='flex_column av-h2sg1-175ed763a2d1725a5101cdb83b311388 av_one_third  avia-builder-el-3  el_after_av_two_third  el_before_av_hr  flex_column_div av-hide-on-mobile  '     ><\/div>\n<style type=\"text\/css\" data-created_by=\"avia_inline_auto\" id=\"style-css-av-lnorss8i-8eb277b169b39af586055099c77e560b\">\n#top .hr.hr-invisible.av-lnorss8i-8eb277b169b39af586055099c77e560b{\nheight:20px;\n}\n<\/style>\n<div  class='hr av-lnorss8i-8eb277b169b39af586055099c77e560b hr-invisible  avia-builder-el-5  el_after_av_one_third  el_before_av_one_full '><span class='hr-inner '><span class=\"hr-inner-style\"><\/span><\/span><\/div>\n<div  class='flex_column av-fsny9-409b1eb334cffa3f069abb43d70bb862 av_one_full  avia-builder-el-6  el_after_av_hr  el_before_av_one_half  first flex_column_div  '     ><div  class='avia-slideshow av-49uqsh-9fa6357fec0a875eee41946dc09d415d avia-slideshow-no scaling av_slideshow avia-slide-slider  avia-builder-el-7  avia-builder-el-no-sibling  av-slideshow-ui av-control-default av-nav-arrows-visible av-slideshow-manual av-loop-once av-loop-manual-endless av-default-height-applied avia-slideshow-1' data-slideshow-options=\"{&quot;animation&quot;:&quot;slide&quot;,&quot;autoplay&quot;:false,&quot;loop_autoplay&quot;:&quot;once&quot;,&quot;interval&quot;:5,&quot;loop_manual&quot;:&quot;manual-endless&quot;,&quot;autoplay_stopper&quot;:false,&quot;noNavigation&quot;:false,&quot;bg_slider&quot;:false,&quot;keep_padding&quot;:false,&quot;hoverpause&quot;:false,&quot;show_slide_delay&quot;:0}\"  itemprop=\"image\" itemscope=\"itemscope\" itemtype=\"https:\/\/schema.org\/ImageObject\" ><ul class='avia-slideshow-inner ' style='padding-bottom: 37.5%;'><li  class='avia-slideshow-slide av-49uqsh-9fa6357fec0a875eee41946dc09d415d__0  slide-1 slide-odd'><div data-rel='slideshow-1' class='avia-slide-wrap '   ><img decoding=\"async\" class=\"wp-image-2355 avia-img-lazy-loading-not-2355\"  src=\"https:\/\/flmtech.it\/wp-content\/uploads\/2025\/04\/flm_jazz_L.jpg\" width=\"1200\" height=\"450\" title='flm_jazz_L' alt=''  itemprop=\"thumbnailUrl\" srcset=\"https:\/\/flmtech.it\/wp-content\/uploads\/2025\/04\/flm_jazz_L.jpg 1200w, https:\/\/flmtech.it\/wp-content\/uploads\/2025\/04\/flm_jazz_L-300x113.jpg 300w, https:\/\/flmtech.it\/wp-content\/uploads\/2025\/04\/flm_jazz_L-1030x386.jpg 1030w, https:\/\/flmtech.it\/wp-content\/uploads\/2025\/04\/flm_jazz_L-768x288.jpg 768w, https:\/\/flmtech.it\/wp-content\/uploads\/2025\/04\/flm_jazz_L-705x264.jpg 705w\" sizes=\"(max-width: 1200px) 100vw, 1200px\" \/><\/div><\/li><li  class='avia-slideshow-slide av-49uqsh-9fa6357fec0a875eee41946dc09d415d__1  slide-2 slide-even'><div data-rel='slideshow-1' class='avia-slide-wrap '   ><img decoding=\"async\" class=\"wp-image-2357 avia-img-lazy-loading-not-2357\"  src=\"https:\/\/flmtech.it\/wp-content\/uploads\/2025\/04\/flm_jazz_L_open.jpg\" width=\"1200\" height=\"450\" title='flm_jazz_L_open' alt=''  itemprop=\"thumbnailUrl\" srcset=\"https:\/\/flmtech.it\/wp-content\/uploads\/2025\/04\/flm_jazz_L_open.jpg 1200w, https:\/\/flmtech.it\/wp-content\/uploads\/2025\/04\/flm_jazz_L_open-300x113.jpg 300w, https:\/\/flmtech.it\/wp-content\/uploads\/2025\/04\/flm_jazz_L_open-1030x386.jpg 1030w, https:\/\/flmtech.it\/wp-content\/uploads\/2025\/04\/flm_jazz_L_open-768x288.jpg 768w, https:\/\/flmtech.it\/wp-content\/uploads\/2025\/04\/flm_jazz_L_open-705x264.jpg 705w\" sizes=\"(max-width: 1200px) 100vw, 1200px\" \/><\/div><\/li><\/ul><div class='avia-slideshow-arrows avia-slideshow-controls' ><a href='#prev' class='prev-slide ' aria-hidden='true' data-av_icon='\ue87c' data-av_iconfont='entypo-fontello'  tabindex='-1'>Prec<\/a><a href='#next' class='next-slide ' aria-hidden='true' data-av_icon='\ue87d' data-av_iconfont='entypo-fontello'  tabindex='-1'>Succ<\/a><\/div><div class='avia-slideshow-dots avia-slideshow-controls'><a href='#1' class='goto-slide active' >1<\/a><a href='#2' class='goto-slide ' >2<\/a><\/div><\/div><\/div><div  class='flex_column av-dgfjl-5c113ca01c856339dacbd81f3ad26d9e av_one_half  avia-builder-el-8  el_after_av_one_full  el_before_av_one_half  first flex_column_div  column-top-margin'     ><section  class='av_textblock_section av-lnai1sh3-205d88d114c370df77b72499b100d592 '   itemscope=\"itemscope\" itemtype=\"https:\/\/schema.org\/CreativeWork\" ><div class='avia_textblock'  itemprop=\"text\" ><p style=\"text-align: left;\">La<strong> JAZZ L 5 AX<\/strong> replica le prerogative del concept JAZZ ampliandone pur tuttavia la versatilit\u00e0 e rendendo pi\u00f9 usufruibile il prodotto per l\u2019utilizzatore. La carenatura integrale, smussata in alto e stondata agli angoli conferisce maggiore imponenza ed importanza alla macchina. All\u2019interno trova alloggiamento una tavola fissa ed una rotobasculante. Caratteristica della JAZZ L 5 AX sono le due porte frontali che scorrendo su 2 guide, danno agevole accesso all\u2019ampia zona di lavoro e permettono la possibilit\u00e0 di lavorazioni in pendolare con la disponibilit\u00e0 tra gli optional di una paratia e di un magazzino utensili addizionale. Questo trova alloggiamento (gi\u00e0 predisposto) nella parte opposta a quello dove \u00e9 stato locato il magazzino standard.<\/p>\n<\/div><\/section><\/div><div  class='flex_column av-3muqx5-ef87d71d491907883c73823f381bbc58 av_one_half  avia-builder-el-10  el_after_av_one_half  avia-builder-el-last  flex_column_div  column-top-margin'     ><section  class='av_textblock_section av-lnai2zhr-f6102af67ce8d0adf1aa2830fd43505b '   itemscope=\"itemscope\" itemtype=\"https:\/\/schema.org\/CreativeWork\" ><div class='avia_textblock'  itemprop=\"text\" ><p class=\"title_pmachine\">Cose da sapere<\/p>\n<p style=\"text-align: left;\">Le strutture delle JAZZ sono realizzate con la nuova tecnica DMP\u00ae, alternativa ai tradizionali elementi in elettrosaldato, ghisa o granito. Essa prevede la creazione di un guscio esterno in acciaio integralmente o parzialmente riempito. L\u2019agglomerato utilizzato possiede un mix di elementi specificatamente studiato per ottimizzare le caratteristiche meccaniche richieste dal mondo della macchina utensile, e pi\u00f9 in generale della meccanica. I vantaggi che ne derivano sono molteplici:<\/p>\n<p style=\"text-align: left;\"><span class=\"title_pmachine\">\u25fc\ufe0e<\/span>Elevata stabilit\u00e0 dinamica della macchina<br \/>\n<span class=\"title_pmachine\">\u25fc\ufe0e<\/span>Indeformabilit\u00e0 nel tempo<br \/>\n<span class=\"title_pmachine\">\u25fc\ufe0e<\/span>Minori vibrazioni nella zona di contatto utensile<br \/>\n<span class=\"title_pmachine\">\u25fc\ufe0e<\/span>Minore generazione termica nella zona utensile\/pezzo<\/p>\n<\/div><\/section><\/div><\/div><\/div><\/main><!-- close content main element --><\/div><\/div>\n<style type=\"text\/css\" data-created_by=\"avia_inline_auto\" id=\"style-css-av-3ekqix-f9d522c7bc62db350c5ac16d0983a18e\">\n.avia-section.av-3ekqix-f9d522c7bc62db350c5ac16d0983a18e{\nmargin-top:-30px;\nmargin-bottom:0px;\n}\n<\/style>\n<div id='av_section_2'  class='avia-section av-3ekqix-f9d522c7bc62db350c5ac16d0983a18e main_color avia-section-no-padding avia-no-border-styling  avia-builder-el-12  el_after_av_section  avia-builder-el-last  avia-bg-style-scroll container_wrap fullsize'  ><div class='container av-section-cont-open' ><div class='template-page content  av-content-full alpha units'><div class='post-entry post-entry-type-page post-entry-1564'><div class='entry-content-wrapper clearfix'>\n<div  class='flex_column av-3apocp-2a743e055bde012d12b01c994e4c2b33 av_one_half  avia-builder-el-13  el_before_av_one_half  avia-builder-el-first  first flex_column_div  '     ><section  class='av_textblock_section av-32o7tt-bc4bc1a1647a5dc068488f4efef15327 '   itemscope=\"itemscope\" itemtype=\"https:\/\/schema.org\/CreativeWork\" ><div class='avia_textblock'  itemprop=\"text\" ><table>\n<tbody>\n<tr>\n<td colspan=\"2\">\n<p class=\"title_pmachine\" style=\"text-align: left;\">Technical features Jazz L<\/p>\n<\/td>\n<\/tr>\n<tr>\n<td colspan=\"2\">\n<p style=\"text-align: justify; text-justify: inter-word;\"><span class=\"title_pmachine\">\u25fc\ufe0eCorse<\/span><\/p>\n<\/td>\n<\/tr>\n<tr>\n<td>\n<p style=\"text-align: justify; text-justify: inter-word;\">Asse x<\/p>\n<\/td>\n<td>\n<p style=\"text-align: justify; text-justify: inter-word;\">mm 2000<\/p>\n<\/td>\n<\/tr>\n<tr>\n<td>\n<p style=\"text-align: justify; text-justify: inter-word;\">Asse y<\/p>\n<\/td>\n<td>\n<p style=\"text-align: justify; text-justify: inter-word;\">mm 650<\/p>\n<\/td>\n<\/tr>\n<tr>\n<td>\n<p style=\"text-align: justify; text-justify: inter-word;\">Asse z<\/p>\n<\/td>\n<td>\n<p style=\"text-align: justify; text-justify: inter-word;\">mm 550<\/p>\n<\/td>\n<\/tr>\n<tr>\n<td>\n<p style=\"text-align: justify; text-justify: inter-word;\">Distanza naso madrino piano tavola<\/p>\n<\/td>\n<td>\n<p style=\"text-align: justify; text-justify: inter-word;\">mm 170 &#8211; 720<\/p>\n<\/td>\n<\/tr>\n<tr>\n<td colspan=\"2\">\n<p style=\"text-align: justify; text-justify: inter-word;\"><span class=\"title_pmachine\">\u25fc\ufe0eRapidi<\/span><\/p>\n<\/td>\n<\/tr>\n<tr>\n<td>\n<p style=\"text-align: justify; text-justify: inter-word;\">Avanzamenti rapidi assi X,Y,Z axis<\/p>\n<\/td>\n<td>\n<p style=\"text-align: justify; text-justify: inter-word;\">m\/min 45<\/p>\n<\/td>\n<\/tr>\n<tr>\n<td>\n<p style=\"text-align: justify; text-justify: inter-word;\">Avanzamento in lavoro assi X, Y, Z<\/p>\n<\/td>\n<td>\n<p style=\"text-align: justify; text-justify: inter-word;\">m\/min 20<\/p>\n<\/td>\n<\/tr>\n<tr>\n<td colspan=\"2\">\n<p style=\"text-align: justify; text-justify: inter-word;\"><span class=\"title_pmachine\">\u25fc\ufe0eTavola fissa<\/span><\/p>\n<\/td>\n<\/tr>\n<tr>\n<td>\n<p style=\"text-align: justify; text-justify: inter-word;\">Corsa asse<\/p>\n<\/td>\n<td>\n<p style=\"text-align: justify; text-justify: inter-word;\">mm 1250<\/p>\n<\/td>\n<\/tr>\n<tr>\n<td>\n<p style=\"text-align: justify; text-justify: inter-word;\">Dimensioni piano tavola<\/p>\n<\/td>\n<td>\n<p style=\"text-align: justify; text-justify: inter-word;\">mm 1250&#215;800<\/p>\n<\/td>\n<\/tr>\n<tr>\n<td>\n<p style=\"text-align: justify; text-justify: inter-word;\">Max peso sulla tavola (per m2)<\/p>\n<\/td>\n<td>\n<p style=\"text-align: justify; text-justify: inter-word;\">Kg 1000<\/p>\n<\/td>\n<\/tr>\n<tr>\n<td colspan=\"2\">\n<p style=\"text-align: justify; text-justify: inter-word;\"><span class=\"title_pmachine\">\u25fc\ufe0e Tavola rotobasculante <\/span><\/p>\n<\/td>\n<\/tr>\n<tr>\n<td>\n<p style=\"text-align: justify; text-justify: inter-word;\">Corsa asse X<\/p>\n<\/td>\n<td>\n<p style=\"text-align: justify; text-justify: inter-word;\">mm 600<\/p>\n<\/td>\n<\/tr>\n<tr>\n<td>\n<p style=\"text-align: justify; text-justify: inter-word;\">Dimensioni piatto tavola<\/p>\n<\/td>\n<td>\n<p style=\"text-align: justify; text-justify: inter-word;\">mm 600&#215;600<\/p>\n<\/td>\n<\/tr>\n<tr>\n<td>\n<p style=\"text-align: justify; text-justify: inter-word;\">Max peso sulla tavola<\/p>\n<\/td>\n<td>\n<p style=\"text-align: justify; text-justify: inter-word;\">Kg 500<\/p>\n<\/td>\n<\/tr>\n<tr>\n<td colspan=\"2\">\n<p style=\"text-align: justify; text-justify: inter-word;\"><span class=\"title_pmachine\">\u25fc\ufe0e Asse Rotante (C)<\/span><\/p>\n<\/td>\n<\/tr>\n<tr>\n<td>\n<p style=\"text-align: justify; text-justify: inter-word;\">Rotazione asse C<\/p>\n<\/td>\n<td>\n<p style=\"text-align: justify; text-justify: inter-word;\">0-360\u00b0<\/p>\n<\/td>\n<\/tr>\n<tr>\n<td>\n<p style=\"text-align: justify; text-justify: inter-word;\">Max velocit\u00e0<\/p>\n<\/td>\n<td>\n<p style=\"text-align: justify; text-justify: inter-word;\">rpm 25<\/p>\n<\/td>\n<\/tr>\n<tr>\n<td colspan=\"2\">\n<p style=\"text-align: justify; text-justify: inter-word;\"><span class=\"title_pmachine\">\u25fc\ufe0e Asse Tiltante (B)<\/span><\/p>\n<\/td>\n<\/tr>\n<tr>\n<td>\n<p style=\"text-align: justify; text-justify: inter-word;\">Angolo di inclinazione<\/p>\n<\/td>\n<td>\n<p style=\"text-align: justify; text-justify: inter-word;\">\u00b1110\u00b0<\/p>\n<\/td>\n<\/tr>\n<tr>\n<td>\n<p style=\"text-align: justify; text-justify: inter-word;\">Max velocit\u00e0<\/p>\n<\/td>\n<td>\n<p style=\"text-align: justify; text-justify: inter-word;\">rpm 16.6<\/p>\n<\/td>\n<\/tr>\n<\/tbody>\n<\/table>\n<\/div><\/section><\/div><div  class='flex_column av-2vvc8p-53145e3840aa3b33e3c48cf7f99473c7 av_one_half  avia-builder-el-15  el_after_av_one_half  avia-builder-el-last  flex_column_div  '     ><section  class='av_textblock_section av-2shc9l-453a4500bb08d412b6001838b60fe3a8 '   itemscope=\"itemscope\" itemtype=\"https:\/\/schema.org\/CreativeWork\" ><div class='avia_textblock'  itemprop=\"text\" ><table>\n<tbody>\n<tr>\n<td colspan=\"2\">\n<p style=\"text-align: justify; text-justify: inter-word;\"><span class=\"title_pmachine\">\u25fc\ufe0e Mandrino meccanico coassiale CNC Heidenhain TNC 640<\/span><\/p>\n<\/td>\n<\/tr>\n<tr>\n<td>\n<p style=\"text-align: justify; text-justify: inter-word;\">Tipo di attacco<\/p>\n<\/td>\n<td>\n<p style=\"text-align: justify; text-justify: inter-word;\">ISO40 DIN69871<\/p>\n<\/td>\n<\/tr>\n<tr>\n<td>\n<p style=\"text-align: justify; text-justify: inter-word;\">Potenza motore (S1\/S6) Heidenhain<\/p>\n<\/td>\n<td>\n<p style=\"text-align: justify; text-justify: inter-word;\">kW10\/17 (opt 25)<\/p>\n<\/td>\n<\/tr>\n<tr>\n<td>\n<p style=\"text-align: justify; text-justify: inter-word;\">Coppia motore (S1\/S6) Heidenhain<\/p>\n<\/td>\n<td>\n<p style=\"text-align: justify; text-justify: inter-word;\">Nm 63,7\/108,60<\/p>\n<\/td>\n<\/tr>\n<tr>\n<td>\n<p style=\"text-align: justify; text-justify: inter-word;\">Max velocit\u00e0 di rotazione<\/p>\n<\/td>\n<td>\n<p style=\"text-align: justify; text-justify: inter-word;\">rpm 12000<\/p>\n<\/td>\n<\/tr>\n<tr>\n<td colspan=\"2\">\n<p style=\"text-align: justify; text-justify: inter-word;\"><span class=\"title_pmachine\">\u25fc\ufe0e Cambio utensili random a 40 posizioni<\/span><\/p>\n<\/td>\n<\/tr>\n<tr>\n<td>\n<p style=\"text-align: justify; text-justify: inter-word;\">Max diam. utensile<\/p>\n<\/td>\n<td>\n<p style=\"text-align: justify; text-justify: inter-word;\">mm 75 (130)<\/p>\n<\/td>\n<\/tr>\n<tr>\n<td>\n<p style=\"text-align: justify; text-justify: inter-word;\">Max lunghezza utensile<\/p>\n<\/td>\n<td>\n<p style=\"text-align: justify; text-justify: inter-word;\">mm 300<\/p>\n<\/td>\n<\/tr>\n<tr>\n<td>\n<p style=\"text-align: justify; text-justify: inter-word;\">Max peso utensile<\/p>\n<\/td>\n<td>\n<p style=\"text-align: justify; text-justify: inter-word;\">Kg 8<\/p>\n<\/td>\n<\/tr>\n<tr>\n<td>\n<p style=\"text-align: justify; text-justify: inter-word;\">Tempo cambio utensile (utensile-utensile)<\/p>\n<\/td>\n<td>\n<p style=\"text-align: justify; text-justify: inter-word;\">sec 2,3<\/p>\n<\/td>\n<\/tr>\n<tr>\n<td>\n<p style=\"text-align: justify; text-justify: inter-word;\">Peso totale ammesso<\/p>\n<\/td>\n<td>\n<p style=\"text-align: justify; text-justify: inter-word;\">Kg 200<\/p>\n<\/td>\n<\/tr>\n<tr>\n<td colspan=\"2\">\n<p style=\"text-align: justify; text-justify: inter-word;\"><span class=\"title_pmachine\">\u25fc\ufe0e Convogliatore trucioli raschiante<\/span><\/p>\n<\/td>\n<\/tr>\n<tr>\n<td colspan=\"2\">\n<p style=\"text-align: justify; text-justify: inter-word;\"><span class=\"title_pmachine\">\u25fc\ufe0e CNC Heidenhain TNC 640 (disponibili Siemens \/ Fanuc \/ Fagor available)<\/span><\/p>\n<\/td>\n<\/tr>\n<tr>\n<td>\n<p style=\"text-align: justify; text-justify: inter-word;\">Peso totale della macchina<\/p>\n<\/td>\n<td>\n<p style=\"text-align: justify; text-justify: inter-word;\">Kg 15000<\/p>\n<\/td>\n<\/tr>\n<\/tbody>\n<\/table>\n<\/div><\/section><\/div>\n<\/p>\n","protected":false},"excerpt":{"rendered":"","protected":false},"author":1,"featured_media":0,"parent":0,"menu_order":0,"comment_status":"closed","ping_status":"closed","template":"","meta":{"footnotes":""},"class_list":["post-1564","page","type-page","status-publish","hentry"],"yoast_head":"<!-- This site is optimized with the Yoast SEO plugin v27.6 - https:\/\/yoast.com\/product\/yoast-seo-wordpress\/ -->\n<title>Jazz L - Centro di lavoro a 3 e 5 assi \u00bb F.L.M-Tech machine tools<\/title>\n<meta name=\"description\" content=\"JAZZ L 5 AX replica il concetto combinato del JAZZ con una crescita in versatilit\u00e0 che offre vantaggi per l&#039;utente finale.\" \/>\n<meta name=\"robots\" content=\"index, follow, max-snippet:-1, max-image-preview:large, max-video-preview:-1\" \/>\n<link rel=\"canonical\" href=\"https:\/\/flmtech.it\/it\/jazz-l-centro-di-lavoro-a-3-e-5-assi-jazz-l\/\" \/>\n<meta property=\"og:locale\" content=\"it_IT\" \/>\n<meta property=\"og:type\" content=\"article\" \/>\n<meta property=\"og:title\" content=\"Jazz L - Centro di lavoro a 3 e 5 assi \u00bb F.L.M-Tech machine tools\" \/>\n<meta property=\"og:description\" content=\"JAZZ L 5 AX replica il concetto combinato del JAZZ con una crescita in versatilit\u00e0 che offre vantaggi per l&#039;utente finale.\" \/>\n<meta property=\"og:url\" content=\"https:\/\/flmtech.it\/it\/jazz-l-centro-di-lavoro-a-3-e-5-assi-jazz-l\/\" \/>\n<meta property=\"og:site_name\" content=\"Machine tools \u00bb F.L.M-TECH\" \/>\n<meta property=\"article:modified_time\" content=\"2025-04-16T09:48:58+00:00\" \/>\n<meta property=\"og:image\" content=\"https:\/\/flmtech.it\/wp-content\/uploads\/2023\/10\/jaz_logo.jpg\" \/>\n<meta name=\"twitter:card\" content=\"summary_large_image\" \/>\n<meta name=\"twitter:label1\" content=\"Tempo di lettura stimato\" \/>\n\t<meta name=\"twitter:data1\" content=\"3 minuti\" \/>\n<script type=\"application\/ld+json\" class=\"yoast-schema-graph\">{\"@context\":\"https:\\\/\\\/schema.org\",\"@graph\":[{\"@type\":\"WebPage\",\"@id\":\"https:\\\/\\\/flmtech.it\\\/it\\\/jazz-l-centro-di-lavoro-a-3-e-5-assi-jazz-l\\\/\",\"url\":\"https:\\\/\\\/flmtech.it\\\/it\\\/jazz-l-centro-di-lavoro-a-3-e-5-assi-jazz-l\\\/\",\"name\":\"Jazz L - Centro di lavoro a 3 e 5 assi \u00bb F.L.M-Tech machine tools\",\"isPartOf\":{\"@id\":\"https:\\\/\\\/flmtech.it\\\/#website\"},\"primaryImageOfPage\":{\"@id\":\"https:\\\/\\\/flmtech.it\\\/it\\\/jazz-l-centro-di-lavoro-a-3-e-5-assi-jazz-l\\\/#primaryimage\"},\"image\":{\"@id\":\"https:\\\/\\\/flmtech.it\\\/it\\\/jazz-l-centro-di-lavoro-a-3-e-5-assi-jazz-l\\\/#primaryimage\"},\"thumbnailUrl\":\"https:\\\/\\\/flmtech.it\\\/wp-content\\\/uploads\\\/2023\\\/10\\\/jaz_logo.jpg\",\"datePublished\":\"2023-10-03T15:54:39+00:00\",\"dateModified\":\"2025-04-16T09:48:58+00:00\",\"description\":\"JAZZ L 5 AX replica il concetto combinato del JAZZ con una crescita in versatilit\u00e0 che offre vantaggi per l'utente finale.\",\"breadcrumb\":{\"@id\":\"https:\\\/\\\/flmtech.it\\\/it\\\/jazz-l-centro-di-lavoro-a-3-e-5-assi-jazz-l\\\/#breadcrumb\"},\"inLanguage\":\"it-IT\",\"potentialAction\":[{\"@type\":\"ReadAction\",\"target\":[\"https:\\\/\\\/flmtech.it\\\/it\\\/jazz-l-centro-di-lavoro-a-3-e-5-assi-jazz-l\\\/\"]}]},{\"@type\":\"ImageObject\",\"inLanguage\":\"it-IT\",\"@id\":\"https:\\\/\\\/flmtech.it\\\/it\\\/jazz-l-centro-di-lavoro-a-3-e-5-assi-jazz-l\\\/#primaryimage\",\"url\":\"https:\\\/\\\/flmtech.it\\\/wp-content\\\/uploads\\\/2023\\\/10\\\/jaz_logo.jpg\",\"contentUrl\":\"https:\\\/\\\/flmtech.it\\\/wp-content\\\/uploads\\\/2023\\\/10\\\/jaz_logo.jpg\"},{\"@type\":\"BreadcrumbList\",\"@id\":\"https:\\\/\\\/flmtech.it\\\/it\\\/jazz-l-centro-di-lavoro-a-3-e-5-assi-jazz-l\\\/#breadcrumb\",\"itemListElement\":[{\"@type\":\"ListItem\",\"position\":1,\"name\":\"Home\",\"item\":\"https:\\\/\\\/flmtech.it\\\/it\\\/\"},{\"@type\":\"ListItem\",\"position\":2,\"name\":\"Jazz L\"}]},{\"@type\":\"WebSite\",\"@id\":\"https:\\\/\\\/flmtech.it\\\/#website\",\"url\":\"https:\\\/\\\/flmtech.it\\\/\",\"name\":\"Machine tools \u00bb F.L.M-TECH\",\"description\":\"\",\"publisher\":{\"@id\":\"https:\\\/\\\/flmtech.it\\\/#organization\"},\"potentialAction\":[{\"@type\":\"SearchAction\",\"target\":{\"@type\":\"EntryPoint\",\"urlTemplate\":\"https:\\\/\\\/flmtech.it\\\/?s={search_term_string}\"},\"query-input\":{\"@type\":\"PropertyValueSpecification\",\"valueRequired\":true,\"valueName\":\"search_term_string\"}}],\"inLanguage\":\"it-IT\"},{\"@type\":\"Organization\",\"@id\":\"https:\\\/\\\/flmtech.it\\\/#organization\",\"name\":\"Machine tools \u00bb F.L.M-TECH\",\"url\":\"https:\\\/\\\/flmtech.it\\\/\",\"logo\":{\"@type\":\"ImageObject\",\"inLanguage\":\"it-IT\",\"@id\":\"https:\\\/\\\/flmtech.it\\\/#\\\/schema\\\/logo\\\/image\\\/\",\"url\":\"\",\"contentUrl\":\"\",\"caption\":\"Machine tools \u00bb F.L.M-TECH\"},\"image\":{\"@id\":\"https:\\\/\\\/flmtech.it\\\/#\\\/schema\\\/logo\\\/image\\\/\"}}]}<\/script>\n<!-- \/ Yoast SEO plugin. -->","yoast_head_json":{"title":"Jazz L - Centro di lavoro a 3 e 5 assi \u00bb F.L.M-Tech machine tools","description":"JAZZ L 5 AX replica il concetto combinato del JAZZ con una crescita in versatilit\u00e0 che offre vantaggi per l'utente finale.","robots":{"index":"index","follow":"follow","max-snippet":"max-snippet:-1","max-image-preview":"max-image-preview:large","max-video-preview":"max-video-preview:-1"},"canonical":"https:\/\/flmtech.it\/it\/jazz-l-centro-di-lavoro-a-3-e-5-assi-jazz-l\/","og_locale":"it_IT","og_type":"article","og_title":"Jazz L - Centro di lavoro a 3 e 5 assi \u00bb F.L.M-Tech machine tools","og_description":"JAZZ L 5 AX replica il concetto combinato del JAZZ con una crescita in versatilit\u00e0 che offre vantaggi per l'utente finale.","og_url":"https:\/\/flmtech.it\/it\/jazz-l-centro-di-lavoro-a-3-e-5-assi-jazz-l\/","og_site_name":"Machine tools \u00bb F.L.M-TECH","article_modified_time":"2025-04-16T09:48:58+00:00","og_image":[{"url":"https:\/\/flmtech.it\/wp-content\/uploads\/2023\/10\/jaz_logo.jpg","type":"","width":"","height":""}],"twitter_card":"summary_large_image","twitter_misc":{"Tempo di lettura stimato":"3 minuti"},"schema":{"@context":"https:\/\/schema.org","@graph":[{"@type":"WebPage","@id":"https:\/\/flmtech.it\/it\/jazz-l-centro-di-lavoro-a-3-e-5-assi-jazz-l\/","url":"https:\/\/flmtech.it\/it\/jazz-l-centro-di-lavoro-a-3-e-5-assi-jazz-l\/","name":"Jazz L - Centro di lavoro a 3 e 5 assi \u00bb F.L.M-Tech machine tools","isPartOf":{"@id":"https:\/\/flmtech.it\/#website"},"primaryImageOfPage":{"@id":"https:\/\/flmtech.it\/it\/jazz-l-centro-di-lavoro-a-3-e-5-assi-jazz-l\/#primaryimage"},"image":{"@id":"https:\/\/flmtech.it\/it\/jazz-l-centro-di-lavoro-a-3-e-5-assi-jazz-l\/#primaryimage"},"thumbnailUrl":"https:\/\/flmtech.it\/wp-content\/uploads\/2023\/10\/jaz_logo.jpg","datePublished":"2023-10-03T15:54:39+00:00","dateModified":"2025-04-16T09:48:58+00:00","description":"JAZZ L 5 AX replica il concetto combinato del JAZZ con una crescita in versatilit\u00e0 che offre vantaggi per l'utente finale.","breadcrumb":{"@id":"https:\/\/flmtech.it\/it\/jazz-l-centro-di-lavoro-a-3-e-5-assi-jazz-l\/#breadcrumb"},"inLanguage":"it-IT","potentialAction":[{"@type":"ReadAction","target":["https:\/\/flmtech.it\/it\/jazz-l-centro-di-lavoro-a-3-e-5-assi-jazz-l\/"]}]},{"@type":"ImageObject","inLanguage":"it-IT","@id":"https:\/\/flmtech.it\/it\/jazz-l-centro-di-lavoro-a-3-e-5-assi-jazz-l\/#primaryimage","url":"https:\/\/flmtech.it\/wp-content\/uploads\/2023\/10\/jaz_logo.jpg","contentUrl":"https:\/\/flmtech.it\/wp-content\/uploads\/2023\/10\/jaz_logo.jpg"},{"@type":"BreadcrumbList","@id":"https:\/\/flmtech.it\/it\/jazz-l-centro-di-lavoro-a-3-e-5-assi-jazz-l\/#breadcrumb","itemListElement":[{"@type":"ListItem","position":1,"name":"Home","item":"https:\/\/flmtech.it\/it\/"},{"@type":"ListItem","position":2,"name":"Jazz L"}]},{"@type":"WebSite","@id":"https:\/\/flmtech.it\/#website","url":"https:\/\/flmtech.it\/","name":"Machine tools \u00bb F.L.M-TECH","description":"","publisher":{"@id":"https:\/\/flmtech.it\/#organization"},"potentialAction":[{"@type":"SearchAction","target":{"@type":"EntryPoint","urlTemplate":"https:\/\/flmtech.it\/?s={search_term_string}"},"query-input":{"@type":"PropertyValueSpecification","valueRequired":true,"valueName":"search_term_string"}}],"inLanguage":"it-IT"},{"@type":"Organization","@id":"https:\/\/flmtech.it\/#organization","name":"Machine tools \u00bb F.L.M-TECH","url":"https:\/\/flmtech.it\/","logo":{"@type":"ImageObject","inLanguage":"it-IT","@id":"https:\/\/flmtech.it\/#\/schema\/logo\/image\/","url":"","contentUrl":"","caption":"Machine tools \u00bb F.L.M-TECH"},"image":{"@id":"https:\/\/flmtech.it\/#\/schema\/logo\/image\/"}}]}},"_links":{"self":[{"href":"https:\/\/flmtech.it\/it\/wp-json\/wp\/v2\/pages\/1564","targetHints":{"allow":["GET"]}}],"collection":[{"href":"https:\/\/flmtech.it\/it\/wp-json\/wp\/v2\/pages"}],"about":[{"href":"https:\/\/flmtech.it\/it\/wp-json\/wp\/v2\/types\/page"}],"author":[{"embeddable":true,"href":"https:\/\/flmtech.it\/it\/wp-json\/wp\/v2\/users\/1"}],"replies":[{"embeddable":true,"href":"https:\/\/flmtech.it\/it\/wp-json\/wp\/v2\/comments?post=1564"}],"version-history":[{"count":17,"href":"https:\/\/flmtech.it\/it\/wp-json\/wp\/v2\/pages\/1564\/revisions"}],"predecessor-version":[{"id":2359,"href":"https:\/\/flmtech.it\/it\/wp-json\/wp\/v2\/pages\/1564\/revisions\/2359"}],"wp:attachment":[{"href":"https:\/\/flmtech.it\/it\/wp-json\/wp\/v2\/media?parent=1564"}],"curies":[{"name":"wp","href":"https:\/\/api.w.org\/{rel}","templated":true}]}}